{"id":5826,"date":"2026-02-11T15:08:03","date_gmt":"2026-02-11T15:08:03","guid":{"rendered":"https:\/\/www2.d.xkw.in:443\/medios-de-comunicacion\/"},"modified":"2026-02-11T15:08:09","modified_gmt":"2026-02-11T15:08:09","slug":"medios-de-comunicacion","status":"publish","type":"page","link":"https:\/\/www.xhockware.com:443\/es\/medios-de-comunicacion\/","title":{"rendered":"Medios de comunicaci\u00f3n"},"content":{"rendered":"\t\t<div data-elementor-type=\"wp-page\" data-elementor-id=\"5826\" class=\"elementor elementor-5826 elementor-220\" data-elementor-settings=\"{&quot;ha_cmc_init_switcher&quot;:&quot;no&quot;}\" data-elementor-post-type=\"page\">\n\t\t\t\t\t\t<section class=\"elementor-section elementor-top-section elementor-element elementor-element-439cc280 elementor-section-boxed elementor-section-height-default elementor-section-height-default\" data-id=\"439cc280\" data-element_type=\"section\" data-e-type=\"section\" data-settings=\"{&quot;background_background&quot;:&quot;classic&quot;,&quot;_ha_eqh_enable&quot;:false}\">\n\t\t\t\t\t\t<div class=\"elementor-container elementor-column-gap-no\">\n\t\t\t\t\t<div class=\"elementor-column elementor-col-100 elementor-top-column elementor-element elementor-element-43c36b1d\" data-id=\"43c36b1d\" data-element_type=\"column\" data-e-type=\"column\">\n\t\t\t<div class=\"elementor-widget-wrap elementor-element-populated\">\n\t\t\t\t\t\t<div class=\"elementor-element elementor-element-11c2e103 elementor-posts--align-center elementor-grid-3 elementor-grid-tablet-2 elementor-grid-mobile-1 elementor-posts--thumbnail-top elementor-card-shadow-yes elementor-posts__hover-gradient elementor-widget elementor-widget-posts\" data-id=\"11c2e103\" data-element_type=\"widget\" data-e-type=\"widget\" data-settings=\"{&quot;pagination_type&quot;:&quot;numbers&quot;,&quot;cards_row_gap&quot;:{&quot;unit&quot;:&quot;px&quot;,&quot;size&quot;:40,&quot;sizes&quot;:[]},&quot;cards_columns&quot;:&quot;3&quot;,&quot;cards_columns_tablet&quot;:&quot;2&quot;,&quot;cards_columns_mobile&quot;:&quot;1&quot;,&quot;cards_row_gap_tablet&quot;:{&quot;unit&quot;:&quot;px&quot;,&quot;size&quot;:&quot;&quot;,&quot;sizes&quot;:[]},&quot;cards_row_gap_mobile&quot;:{&quot;unit&quot;:&quot;px&quot;,&quot;size&quot;:&quot;&quot;,&quot;sizes&quot;:[]}}\" data-widget_type=\"posts.cards\">\n\t\t\t\t<div class=\"elementor-widget-container\">\n\t\t\t\t\t\t\t<div class=\"elementor-posts-container elementor-posts elementor-posts--skin-cards elementor-grid\" role=\"list\">\n\t\t\t\t<article class=\"elementor-post elementor-grid-item post-5606 post type-post status-publish format-standard has-post-thumbnail hentry category-sin-categorizar\" role=\"listitem\">\n\t\t\t<div class=\"elementor-post__card\">\n\t\t\t\t<a class=\"elementor-post__thumbnail__link\" href=\"https:\/\/www.xhockware.com:443\/es\/retail-en-la-era-post-covid-nuevos-consumidores-nueva-competencia\/\" tabindex=\"-1\" ><div class=\"elementor-post__thumbnail\"><img fetchpriority=\"high\" decoding=\"async\" width=\"2000\" height=\"578\" src=\"https:\/\/www.xhockware.com:443\/wp-content\/uploads\/2020\/06\/0.jpg\" class=\"attachment-full size-full wp-image-5631\" alt=\"\" srcset=\"https:\/\/www.xhockware.com:443\/wp-content\/uploads\/2020\/06\/0.jpg 2000w, https:\/\/www.xhockware.com:443\/wp-content\/uploads\/2020\/06\/0-600x173.jpg 600w, https:\/\/www.xhockware.com:443\/wp-content\/uploads\/2020\/06\/0-300x87.jpg 300w, https:\/\/www.xhockware.com:443\/wp-content\/uploads\/2020\/06\/0-1024x296.jpg 1024w, https:\/\/www.xhockware.com:443\/wp-content\/uploads\/2020\/06\/0-768x222.jpg 768w, https:\/\/www.xhockware.com:443\/wp-content\/uploads\/2020\/06\/0-1536x444.jpg 1536w\" sizes=\"(max-width: 2000px) 100vw, 2000px\" \/><\/div><\/a>\n\t\t\t\t<div class=\"elementor-post__text\">\n\t\t\t\t<h3 class=\"elementor-post__title\">\n\t\t\t<a href=\"https:\/\/www.xhockware.com:443\/es\/retail-en-la-era-post-covid-nuevos-consumidores-nueva-competencia\/\" >\n\t\t\t\tRETAIL en la Era Post-COVID: nuevos consumidores, nueva competencia\t\t\t<\/a>\n\t\t<\/h3>\n\t\t\n\t\t<a class=\"elementor-post__read-more\" href=\"https:\/\/www.xhockware.com:443\/es\/retail-en-la-era-post-covid-nuevos-consumidores-nueva-competencia\/\" aria-label=\"M\u00e1s informaci\u00f3n sobre RETAIL en la Era Post-COVID: nuevos consumidores, nueva competencia\" tabindex=\"-1\" >\n\t\t\tLee m\u00e1s \u00bb\t\t<\/a>\n\n\t\t\t\t<\/div>\n\t\t\t\t<div class=\"elementor-post__meta-data\">\n\t\t\t\t\t<span class=\"elementor-post-date\">\n\t\t\t10 de febrero de 2026\t\t<\/span>\n\t\t\t\t<\/div>\n\t\t\t\t\t<\/div>\n\t\t<\/article>\n\t\t\t\t<article class=\"elementor-post elementor-grid-item post-5567 post type-post status-publish format-standard has-post-thumbnail hentry category-sin-categorizar\" role=\"listitem\">\n\t\t\t<div class=\"elementor-post__card\">\n\t\t\t\t<a class=\"elementor-post__thumbnail__link\" href=\"https:\/\/www.xhockware.com:443\/es\/xhockware-y-st-firman-acuerdo-de-distribucion-para-el-mercado-polaco\/\" tabindex=\"-1\" ><div class=\"elementor-post__thumbnail\"><img decoding=\"async\" width=\"887\" height=\"887\" src=\"https:\/\/www.xhockware.com:443\/wp-content\/uploads\/2020\/07\/noticia0707-010-01.png\" class=\"attachment-full size-full wp-image-5613\" alt=\"\" srcset=\"https:\/\/www.xhockware.com:443\/wp-content\/uploads\/2020\/07\/noticia0707-010-01.png 887w, https:\/\/www.xhockware.com:443\/wp-content\/uploads\/2020\/07\/noticia0707-010-01-300x300.png 300w, https:\/\/www.xhockware.com:443\/wp-content\/uploads\/2020\/07\/noticia0707-010-01-100x100.png 100w, https:\/\/www.xhockware.com:443\/wp-content\/uploads\/2020\/07\/noticia0707-010-01-600x600.png 600w, https:\/\/www.xhockware.com:443\/wp-content\/uploads\/2020\/07\/noticia0707-010-01-150x150.png 150w, https:\/\/www.xhockware.com:443\/wp-content\/uploads\/2020\/07\/noticia0707-010-01-768x768.png 768w\" sizes=\"(max-width: 887px) 100vw, 887px\" \/><\/div><\/a>\n\t\t\t\t<div class=\"elementor-post__text\">\n\t\t\t\t<h3 class=\"elementor-post__title\">\n\t\t\t<a href=\"https:\/\/www.xhockware.com:443\/es\/xhockware-y-st-firman-acuerdo-de-distribucion-para-el-mercado-polaco\/\" >\n\t\t\t\tXhockware y S&amp;T firman Acuerdo de distribuci\u00f3n para el mercado polaco\t\t\t<\/a>\n\t\t<\/h3>\n\t\t\n\t\t<a class=\"elementor-post__read-more\" href=\"https:\/\/www.xhockware.com:443\/es\/xhockware-y-st-firman-acuerdo-de-distribucion-para-el-mercado-polaco\/\" aria-label=\"M\u00e1s informaci\u00f3n sobre Xhockware y S&amp;T firman Acuerdo de distribuci\u00f3n para el mercado polaco\" tabindex=\"-1\" >\n\t\t\tLee m\u00e1s \u00bb\t\t<\/a>\n\n\t\t\t\t<\/div>\n\t\t\t\t<div class=\"elementor-post__meta-data\">\n\t\t\t\t\t<span class=\"elementor-post-date\">\n\t\t\t10 de febrero de 2026\t\t<\/span>\n\t\t\t\t<\/div>\n\t\t\t\t\t<\/div>\n\t\t<\/article>\n\t\t\t\t<article class=\"elementor-post elementor-grid-item post-5564 post type-post status-publish format-standard has-post-thumbnail hentry category-sin-categorizar\" role=\"listitem\">\n\t\t\t<div class=\"elementor-post__card\">\n\t\t\t\t<a class=\"elementor-post__thumbnail__link\" href=\"https:\/\/www.xhockware.com:443\/es\/comunicado-de-prensa-xhockware\/\" tabindex=\"-1\" ><div class=\"elementor-post__thumbnail\"><img decoding=\"async\" width=\"2560\" height=\"1750\" src=\"https:\/\/www.xhockware.com:443\/wp-content\/uploads\/2023\/04\/press-realese-xh-EN-scaled.jpg\" class=\"attachment-full size-full wp-image-5590\" alt=\"\" srcset=\"https:\/\/www.xhockware.com:443\/wp-content\/uploads\/2023\/04\/press-realese-xh-EN-scaled.jpg 2560w, https:\/\/www.xhockware.com:443\/wp-content\/uploads\/2023\/04\/press-realese-xh-EN-scaled-600x410.jpg 600w, https:\/\/www.xhockware.com:443\/wp-content\/uploads\/2023\/04\/press-realese-xh-EN-300x205.jpg 300w, https:\/\/www.xhockware.com:443\/wp-content\/uploads\/2023\/04\/press-realese-xh-EN-1024x700.jpg 1024w, https:\/\/www.xhockware.com:443\/wp-content\/uploads\/2023\/04\/press-realese-xh-EN-768x525.jpg 768w, https:\/\/www.xhockware.com:443\/wp-content\/uploads\/2023\/04\/press-realese-xh-EN-1536x1050.jpg 1536w, https:\/\/www.xhockware.com:443\/wp-content\/uploads\/2023\/04\/press-realese-xh-EN-2048x1400.jpg 2048w\" sizes=\"(max-width: 2560px) 100vw, 2560px\" \/><\/div><\/a>\n\t\t\t\t<div class=\"elementor-post__text\">\n\t\t\t\t<h3 class=\"elementor-post__title\">\n\t\t\t<a href=\"https:\/\/www.xhockware.com:443\/es\/comunicado-de-prensa-xhockware\/\" >\n\t\t\t\tComunicado de prensa &#8211; Xhockware\t\t\t<\/a>\n\t\t<\/h3>\n\t\t\n\t\t<a class=\"elementor-post__read-more\" href=\"https:\/\/www.xhockware.com:443\/es\/comunicado-de-prensa-xhockware\/\" aria-label=\"M\u00e1s informaci\u00f3n sobre Comunicado de prensa &#8211; Xhockware\" tabindex=\"-1\" >\n\t\t\tLee m\u00e1s \u00bb\t\t<\/a>\n\n\t\t\t\t<\/div>\n\t\t\t\t<div class=\"elementor-post__meta-data\">\n\t\t\t\t\t<span class=\"elementor-post-date\">\n\t\t\t10 de febrero de 2026\t\t<\/span>\n\t\t\t\t<\/div>\n\t\t\t\t\t<\/div>\n\t\t<\/article>\n\t\t\t\t<\/div>\n\t\t\n\t\t\t\t\t\t<\/div>\n\t\t\t\t<\/div>\n\t\t\t\t\t<\/div>\n\t\t<\/div>\n\t\t\t\t\t<\/div>\n\t\t<\/section>\n\t\t\t\t<\/div>\n\t\t","protected":false},"excerpt":{"rendered":"","protected":false},"author":1,"featured_media":0,"parent":0,"menu_order":0,"comment_status":"closed","ping_status":"closed","template":"elementor_header_footer","meta":{"footnotes":""},"class_list":["post-5826","page","type-page","status-publish","hentry"],"yoast_head":"<!-- This site is optimized with the Yoast SEO plugin v27.4 - https:\/\/yoast.com\/product\/yoast-seo-wordpress\/ -->\n<title>Medios de comunicaci\u00f3n - Xhockware<\/title>\n<meta name=\"robots\" content=\"index, follow, max-snippet:-1, max-image-preview:large, max-video-preview:-1\" \/>\n<link rel=\"canonical\" href=\"https:\/\/www.xhockware.com:443\/media\/\" \/>\n<meta property=\"og:locale\" content=\"es_ES\" \/>\n<meta property=\"og:type\" content=\"article\" \/>\n<meta property=\"og:title\" content=\"Medios de comunicaci\u00f3n - Xhockware\" \/>\n<meta property=\"og:url\" content=\"https:\/\/www.xhockware.com:443\/media\/\" \/>\n<meta property=\"og:site_name\" content=\"Xhockware\" \/>\n<meta property=\"article:publisher\" content=\"https:\/\/www.facebook.com\/xhockware\" \/>\n<meta property=\"article:modified_time\" content=\"2026-02-11T15:08:09+00:00\" \/>\n<meta name=\"twitter:card\" content=\"summary_large_image\" \/>\n<meta name=\"twitter:site\" content=\"@xhockware\" \/>\n<script type=\"application\/ld+json\" class=\"yoast-schema-graph\">{\"@context\":\"https:\\\/\\\/schema.org\",\"@graph\":[{\"@type\":\"WebPage\",\"@id\":\"https:\\\/\\\/www.xhockware.com:443\\\/media\\\/\",\"url\":\"https:\\\/\\\/www.xhockware.com:443\\\/media\\\/\",\"name\":\"Medios de comunicaci\u00f3n - Xhockware\",\"isPartOf\":{\"@id\":\"https:\\\/\\\/www.xhockware.com:443\\\/#website\"},\"datePublished\":\"2026-02-11T15:08:03+00:00\",\"dateModified\":\"2026-02-11T15:08:09+00:00\",\"breadcrumb\":{\"@id\":\"https:\\\/\\\/www.xhockware.com:443\\\/media\\\/#breadcrumb\"},\"inLanguage\":\"es\",\"potentialAction\":[{\"@type\":\"ReadAction\",\"target\":[\"https:\\\/\\\/www.xhockware.com:443\\\/media\\\/\"]}]},{\"@type\":\"BreadcrumbList\",\"@id\":\"https:\\\/\\\/www.xhockware.com:443\\\/media\\\/#breadcrumb\",\"itemListElement\":[{\"@type\":\"ListItem\",\"position\":1,\"name\":\"Home\",\"item\":\"https:\\\/\\\/www.xhockware.com:443\\\/es\\\/casa\\\/\"},{\"@type\":\"ListItem\",\"position\":2,\"name\":\"Medios de comunicaci\u00f3n\"}]},{\"@type\":\"WebSite\",\"@id\":\"https:\\\/\\\/www.xhockware.com:443\\\/#website\",\"url\":\"https:\\\/\\\/www.xhockware.com:443\\\/\",\"name\":\"Xhockware\",\"description\":\"Xhockware is a Retail tech company focused on creating innovative retail solutions\",\"publisher\":{\"@id\":\"https:\\\/\\\/www.xhockware.com:443\\\/#organization\"},\"potentialAction\":[{\"@type\":\"SearchAction\",\"target\":{\"@type\":\"EntryPoint\",\"urlTemplate\":\"https:\\\/\\\/www.xhockware.com:443\\\/?s={search_term_string}\"},\"query-input\":{\"@type\":\"PropertyValueSpecification\",\"valueRequired\":true,\"valueName\":\"search_term_string\"}}],\"inLanguage\":\"es\"},{\"@type\":\"Organization\",\"@id\":\"https:\\\/\\\/www.xhockware.com:443\\\/#organization\",\"name\":\"Xhockware\",\"url\":\"https:\\\/\\\/www.xhockware.com:443\\\/\",\"logo\":{\"@type\":\"ImageObject\",\"inLanguage\":\"es\",\"@id\":\"https:\\\/\\\/www.xhockware.com:443\\\/#\\\/schema\\\/logo\\\/image\\\/\",\"url\":\"https:\\\/\\\/www.xhockware.com:443\\\/wp-content\\\/uploads\\\/2024\\\/12\\\/xhockware_logo.png\",\"contentUrl\":\"https:\\\/\\\/www.xhockware.com:443\\\/wp-content\\\/uploads\\\/2024\\\/12\\\/xhockware_logo.png\",\"width\":1079,\"height\":205,\"caption\":\"Xhockware\"},\"image\":{\"@id\":\"https:\\\/\\\/www.xhockware.com:443\\\/#\\\/schema\\\/logo\\\/image\\\/\"},\"sameAs\":[\"https:\\\/\\\/www.facebook.com\\\/xhockware\",\"https:\\\/\\\/x.com\\\/xhockware\",\"https:\\\/\\\/www.linkedin.com\\\/company\\\/xhockw\",\"https:\\\/\\\/www.instagram.com\\\/xhockware\\\/\"]}]}<\/script>\n<!-- \/ Yoast SEO plugin. -->","yoast_head_json":{"title":"Medios de comunicaci\u00f3n - Xhockware","robots":{"index":"index","follow":"follow","max-snippet":"max-snippet:-1","max-image-preview":"max-image-preview:large","max-video-preview":"max-video-preview:-1"},"canonical":"https:\/\/www.xhockware.com:443\/media\/","og_locale":"es_ES","og_type":"article","og_title":"Medios de comunicaci\u00f3n - Xhockware","og_url":"https:\/\/www.xhockware.com:443\/media\/","og_site_name":"Xhockware","article_publisher":"https:\/\/www.facebook.com\/xhockware","article_modified_time":"2026-02-11T15:08:09+00:00","twitter_card":"summary_large_image","twitter_site":"@xhockware","schema":{"@context":"https:\/\/schema.org","@graph":[{"@type":"WebPage","@id":"https:\/\/www.xhockware.com:443\/media\/","url":"https:\/\/www.xhockware.com:443\/media\/","name":"Medios de comunicaci\u00f3n - Xhockware","isPartOf":{"@id":"https:\/\/www.xhockware.com:443\/#website"},"datePublished":"2026-02-11T15:08:03+00:00","dateModified":"2026-02-11T15:08:09+00:00","breadcrumb":{"@id":"https:\/\/www.xhockware.com:443\/media\/#breadcrumb"},"inLanguage":"es","potentialAction":[{"@type":"ReadAction","target":["https:\/\/www.xhockware.com:443\/media\/"]}]},{"@type":"BreadcrumbList","@id":"https:\/\/www.xhockware.com:443\/media\/#breadcrumb","itemListElement":[{"@type":"ListItem","position":1,"name":"Home","item":"https:\/\/www.xhockware.com:443\/es\/casa\/"},{"@type":"ListItem","position":2,"name":"Medios de comunicaci\u00f3n"}]},{"@type":"WebSite","@id":"https:\/\/www.xhockware.com:443\/#website","url":"https:\/\/www.xhockware.com:443\/","name":"Xhockware","description":"Xhockware is a Retail tech company focused on creating innovative retail solutions","publisher":{"@id":"https:\/\/www.xhockware.com:443\/#organization"},"potentialAction":[{"@type":"SearchAction","target":{"@type":"EntryPoint","urlTemplate":"https:\/\/www.xhockware.com:443\/?s={search_term_string}"},"query-input":{"@type":"PropertyValueSpecification","valueRequired":true,"valueName":"search_term_string"}}],"inLanguage":"es"},{"@type":"Organization","@id":"https:\/\/www.xhockware.com:443\/#organization","name":"Xhockware","url":"https:\/\/www.xhockware.com:443\/","logo":{"@type":"ImageObject","inLanguage":"es","@id":"https:\/\/www.xhockware.com:443\/#\/schema\/logo\/image\/","url":"https:\/\/www.xhockware.com:443\/wp-content\/uploads\/2024\/12\/xhockware_logo.png","contentUrl":"https:\/\/www.xhockware.com:443\/wp-content\/uploads\/2024\/12\/xhockware_logo.png","width":1079,"height":205,"caption":"Xhockware"},"image":{"@id":"https:\/\/www.xhockware.com:443\/#\/schema\/logo\/image\/"},"sameAs":["https:\/\/www.facebook.com\/xhockware","https:\/\/x.com\/xhockware","https:\/\/www.linkedin.com\/company\/xhockw","https:\/\/www.instagram.com\/xhockware\/"]}]}},"jetpack_sharing_enabled":true,"_links":{"self":[{"href":"https:\/\/www.xhockware.com:443\/es\/wp-json\/wp\/v2\/pages\/5826","targetHints":{"allow":["GET"]}}],"collection":[{"href":"https:\/\/www.xhockware.com:443\/es\/wp-json\/wp\/v2\/pages"}],"about":[{"href":"https:\/\/www.xhockware.com:443\/es\/wp-json\/wp\/v2\/types\/page"}],"author":[{"embeddable":true,"href":"https:\/\/www.xhockware.com:443\/es\/wp-json\/wp\/v2\/users\/1"}],"replies":[{"embeddable":true,"href":"https:\/\/www.xhockware.com:443\/es\/wp-json\/wp\/v2\/comments?post=5826"}],"version-history":[{"count":1,"href":"https:\/\/www.xhockware.com:443\/es\/wp-json\/wp\/v2\/pages\/5826\/revisions"}],"predecessor-version":[{"id":5827,"href":"https:\/\/www.xhockware.com:443\/es\/wp-json\/wp\/v2\/pages\/5826\/revisions\/5827"}],"wp:attachment":[{"href":"https:\/\/www.xhockware.com:443\/es\/wp-json\/wp\/v2\/media?parent=5826"}],"curies":[{"name":"wp","href":"https:\/\/api.w.org\/{rel}","templated":true}]}}