{"id":5918,"date":"2026-02-11T15:59:55","date_gmt":"2026-02-11T15:59:55","guid":{"rendered":"https:\/\/www2.d.xkw.in:443\/prr-xcommerce\/"},"modified":"2026-02-11T16:00:11","modified_gmt":"2026-02-11T16:00:11","slug":"prr-xcommerce","status":"publish","type":"page","link":"https:\/\/www.xhockware.com:443\/fr\/prr-xcommerce\/","title":{"rendered":"-Prr-xcommerce"},"content":{"rendered":"\t\t<div data-elementor-type=\"wp-page\" data-elementor-id=\"5918\" class=\"elementor elementor-5918 elementor-5307\" data-elementor-settings=\"{&quot;ha_cmc_init_switcher&quot;:&quot;no&quot;}\" data-elementor-post-type=\"page\">\n\t\t\t\t\t\t<section class=\"elementor-section elementor-top-section elementor-element elementor-element-be56b08 elementor-section-boxed elementor-section-height-default elementor-section-height-default\" data-id=\"be56b08\" data-element_type=\"section\" data-e-type=\"section\" data-settings=\"{&quot;_ha_eqh_enable&quot;:false}\">\n\t\t\t\t\t\t<div class=\"elementor-container elementor-column-gap-default\">\n\t\t\t\t\t<div class=\"elementor-column elementor-col-100 elementor-top-column elementor-element elementor-element-fbd77c5\" data-id=\"fbd77c5\" data-element_type=\"column\" data-e-type=\"column\" data-settings=\"{&quot;background_background&quot;:&quot;classic&quot;}\">\n\t\t\t<div class=\"elementor-widget-wrap elementor-element-populated\">\n\t\t\t\t\t\t<div class=\"elementor-element elementor-element-90edbd7 elementor-widget elementor-widget-spacer\" data-id=\"90edbd7\" data-element_type=\"widget\" data-e-type=\"widget\" data-widget_type=\"spacer.default\">\n\t\t\t\t<div class=\"elementor-widget-container\">\n\t\t\t\t\t\t\t<div class=\"elementor-spacer\">\n\t\t\t<div class=\"elementor-spacer-inner\"><\/div>\n\t\t<\/div>\n\t\t\t\t\t\t<\/div>\n\t\t\t\t<\/div>\n\t\t\t\t<div class=\"elementor-element elementor-element-19ad0d6 elementor-widget elementor-widget-heading\" data-id=\"19ad0d6\" data-element_type=\"widget\" data-e-type=\"widget\" data-widget_type=\"heading.default\">\n\t\t\t\t<div class=\"elementor-widget-container\">\n\t\t\t\t\t<h1 class=\"elementor-heading-title elementor-size-default\">E-COMMERCE | 2025<\/h1>\t\t\t\t<\/div>\n\t\t\t\t<\/div>\n\t\t\t\t<div class=\"elementor-element elementor-element-af308a2 elementor-widget elementor-widget-spacer\" data-id=\"af308a2\" data-element_type=\"widget\" data-e-type=\"widget\" data-widget_type=\"spacer.default\">\n\t\t\t\t<div class=\"elementor-widget-container\">\n\t\t\t\t\t\t\t<div class=\"elementor-spacer\">\n\t\t\t<div class=\"elementor-spacer-inner\"><\/div>\n\t\t<\/div>\n\t\t\t\t\t\t<\/div>\n\t\t\t\t<\/div>\n\t\t\t\t<div data-ha-element-link=\"{&quot;url&quot;:&quot;https:\\\/\\\/recuperarportugal.gov.pt\\\/&quot;,&quot;is_external&quot;:&quot;&quot;,&quot;nofollow&quot;:&quot;&quot;}\" style=\"cursor: pointer\" class=\"elementor-element elementor-element-4e9541f elementor-widget elementor-widget-image\" data-id=\"4e9541f\" data-element_type=\"widget\" data-e-type=\"widget\" data-widget_type=\"image.default\">\n\t\t\t\t<div class=\"elementor-widget-container\">\n\t\t\t\t\t\t\t\t\t\t\t\t\t\t\t<img decoding=\"async\" src=\"https:\/\/www.xhockware.com:443\/wp-content\/uploads\/2024\/09\/barra-logos-prr-01-scaled.png\" title=\"barra-logos-prr-01\" alt=\"barra-logos-prr-01\" loading=\"lazy\" \/>\t\t\t\t\t\t\t\t\t\t\t\t\t\t\t<\/div>\n\t\t\t\t<\/div>\n\t\t\t\t<div class=\"elementor-element elementor-element-16184ef elementor-widget elementor-widget-spacer\" data-id=\"16184ef\" data-element_type=\"widget\" data-e-type=\"widget\" data-widget_type=\"spacer.default\">\n\t\t\t\t<div class=\"elementor-widget-container\">\n\t\t\t\t\t\t\t<div class=\"elementor-spacer\">\n\t\t\t<div class=\"elementor-spacer-inner\"><\/div>\n\t\t<\/div>\n\t\t\t\t\t\t<\/div>\n\t\t\t\t<\/div>\n\t\t\t\t\t<\/div>\n\t\t<\/div>\n\t\t\t\t\t<\/div>\n\t\t<\/section>\n\t\t\t\t<section class=\"elementor-section elementor-top-section elementor-element elementor-element-aa04a51 elementor-section-boxed elementor-section-height-default elementor-section-height-default\" data-id=\"aa04a51\" data-element_type=\"section\" data-e-type=\"section\" data-settings=\"{&quot;_ha_eqh_enable&quot;:false}\">\n\t\t\t\t\t\t<div class=\"elementor-container elementor-column-gap-default\">\n\t\t\t\t\t<div class=\"elementor-column elementor-col-50 elementor-top-column elementor-element elementor-element-4bcbf4f\" data-id=\"4bcbf4f\" data-element_type=\"column\" data-e-type=\"column\">\n\t\t\t<div class=\"elementor-widget-wrap elementor-element-populated\">\n\t\t\t\t\t\t<div class=\"elementor-element elementor-element-07823dd elementor-widget elementor-widget-heading\" data-id=\"07823dd\" data-element_type=\"widget\" data-e-type=\"widget\" data-widget_type=\"heading.default\">\n\t\t\t\t<div class=\"elementor-widget-container\">\n\t\t\t\t\t<p class=\"elementor-heading-title elementor-size-default\">Date de d\u00e9but:<\/p>\t\t\t\t<\/div>\n\t\t\t\t<\/div>\n\t\t\t\t<div class=\"elementor-element elementor-element-a7c70b5 elementor-widget elementor-widget-heading\" data-id=\"a7c70b5\" data-element_type=\"widget\" data-e-type=\"widget\" data-widget_type=\"heading.default\">\n\t\t\t\t<div class=\"elementor-widget-container\">\n\t\t\t\t\t<p class=\"elementor-heading-title elementor-size-default\">Date d'ach\u00e8vement:<\/p>\t\t\t\t<\/div>\n\t\t\t\t<\/div>\n\t\t\t\t<div class=\"elementor-element elementor-element-3b27b39 elementor-widget elementor-widget-heading\" data-id=\"3b27b39\" data-element_type=\"widget\" data-e-type=\"widget\" data-widget_type=\"heading.default\">\n\t\t\t\t<div class=\"elementor-widget-container\">\n\t\t\t\t\t<p class=\"elementor-heading-title elementor-size-default\">Projet n\u00b0:<\/p>\t\t\t\t<\/div>\n\t\t\t\t<\/div>\n\t\t\t\t<div class=\"elementor-element elementor-element-d8610c9 elementor-widget elementor-widget-heading\" data-id=\"d8610c9\" data-element_type=\"widget\" data-e-type=\"widget\" data-widget_type=\"heading.default\">\n\t\t\t\t<div class=\"elementor-widget-container\">\n\t\t\t\t\t<p class=\"elementor-heading-title elementor-size-default\">Avertissement:<\/p>\t\t\t\t<\/div>\n\t\t\t\t<\/div>\n\t\t\t\t<div class=\"elementor-element elementor-element-3d36af9 elementor-widget elementor-widget-heading\" data-id=\"3d36af9\" data-element_type=\"widget\" data-e-type=\"widget\" data-widget_type=\"heading.default\">\n\t\t\t\t<div class=\"elementor-widget-container\">\n\t\t\t\t\t<p class=\"elementor-heading-title elementor-size-default\">Code du projet:<\/p>\t\t\t\t<\/div>\n\t\t\t\t<\/div>\n\t\t\t\t<div class=\"elementor-element elementor-element-9540981 elementor-widget elementor-widget-heading\" data-id=\"9540981\" data-element_type=\"widget\" data-e-type=\"widget\" data-widget_type=\"heading.default\">\n\t\t\t\t<div class=\"elementor-widget-container\">\n\t\t\t\t\t<p class=\"elementor-heading-title elementor-size-default\">Apoio:<\/p>\t\t\t\t<\/div>\n\t\t\t\t<\/div>\n\t\t\t\t<div class=\"elementor-element elementor-element-a6a5634 elementor-widget elementor-widget-heading\" data-id=\"a6a5634\" data-element_type=\"widget\" data-e-type=\"widget\" data-widget_type=\"heading.default\">\n\t\t\t\t<div class=\"elementor-widget-container\">\n\t\t\t\t\t<p class=\"elementor-heading-title elementor-size-default\">Objectif du projet:<\/p>\t\t\t\t<\/div>\n\t\t\t\t<\/div>\n\t\t\t\t<div class=\"elementor-element elementor-element-855169d elementor-widget elementor-widget-heading\" data-id=\"855169d\" data-element_type=\"widget\" data-e-type=\"widget\" data-widget_type=\"heading.default\">\n\t\t\t\t<div class=\"elementor-widget-container\">\n\t\t\t\t\t<p class=\"elementor-heading-title elementor-size-default\">Nom du projet:<\/p>\t\t\t\t<\/div>\n\t\t\t\t<\/div>\n\t\t\t\t<div class=\"elementor-element elementor-element-4c44de5 elementor-widget elementor-widget-heading\" data-id=\"4c44de5\" data-element_type=\"widget\" data-e-type=\"widget\" data-widget_type=\"heading.default\">\n\t\t\t\t<div class=\"elementor-widget-container\">\n\t\t\t\t\t<p class=\"elementor-heading-title elementor-size-default\">Investissement total \u00e9ligible<\/p>\t\t\t\t<\/div>\n\t\t\t\t<\/div>\n\t\t\t\t<div class=\"elementor-element elementor-element-2876a60 elementor-widget elementor-widget-heading\" data-id=\"2876a60\" data-element_type=\"widget\" data-e-type=\"widget\" data-widget_type=\"heading.default\">\n\t\t\t\t<div class=\"elementor-widget-container\">\n\t\t\t\t\t<p class=\"elementor-heading-title elementor-size-default\">Investissement financier de l'Union europ\u00e9enne:<\/p>\t\t\t\t<\/div>\n\t\t\t\t<\/div>\n\t\t\t\t\t<\/div>\n\t\t<\/div>\n\t\t\t\t<div class=\"elementor-column elementor-col-50 elementor-top-column elementor-element elementor-element-2868b5b\" data-id=\"2868b5b\" data-element_type=\"column\" data-e-type=\"column\">\n\t\t\t<div class=\"elementor-widget-wrap elementor-element-populated\">\n\t\t\t\t\t\t<div class=\"elementor-element elementor-element-3d0836d elementor-widget elementor-widget-heading\" data-id=\"3d0836d\" data-element_type=\"widget\" data-e-type=\"widget\" data-widget_type=\"heading.default\">\n\t\t\t\t<div class=\"elementor-widget-container\">\n\t\t\t\t\t<p class=\"elementor-heading-title elementor-size-default\">01-01-2025<\/p>\t\t\t\t<\/div>\n\t\t\t\t<\/div>\n\t\t\t\t<div class=\"elementor-element elementor-element-7b20920 elementor-widget elementor-widget-heading\" data-id=\"7b20920\" data-element_type=\"widget\" data-e-type=\"widget\" data-widget_type=\"heading.default\">\n\t\t\t\t<div class=\"elementor-widget-container\">\n\t\t\t\t\t<p class=\"elementor-heading-title elementor-size-default\">31-07-2025<\/p>\t\t\t\t<\/div>\n\t\t\t\t<\/div>\n\t\t\t\t<div class=\"elementor-element elementor-element-5bed72f elementor-widget elementor-widget-heading\" data-id=\"5bed72f\" data-element_type=\"widget\" data-e-type=\"widget\" data-widget_type=\"heading.default\">\n\t\t\t\t<div class=\"elementor-widget-container\">\n\t\t\t\t\t<p class=\"elementor-heading-title elementor-size-default\">20309<\/p>\t\t\t\t<\/div>\n\t\t\t\t<\/div>\n\t\t\t\t<div class=\"elementor-element elementor-element-0dd152b elementor-widget elementor-widget-heading\" data-id=\"0dd152b\" data-element_type=\"widget\" data-e-type=\"widget\" data-widget_type=\"heading.default\">\n\t\t\t\t<div class=\"elementor-widget-container\">\n\t\t\t\t\t<p class=\"elementor-heading-title elementor-size-default\">2024-C16i02-19<\/p>\t\t\t\t<\/div>\n\t\t\t\t<\/div>\n\t\t\t\t<div class=\"elementor-element elementor-element-3c69535 elementor-widget elementor-widget-heading\" data-id=\"3c69535\" data-element_type=\"widget\" data-e-type=\"widget\" data-widget_type=\"heading.default\">\n\t\t\t\t<div class=\"elementor-widget-container\">\n\t\t\t\t\t<p class=\"elementor-heading-title elementor-size-default\">TD-C16-i02<\/p>\t\t\t\t<\/div>\n\t\t\t\t<\/div>\n\t\t\t\t<div class=\"elementor-element elementor-element-185a9ff elementor-widget__width-initial elementor-widget elementor-widget-heading\" data-id=\"185a9ff\" data-element_type=\"widget\" data-e-type=\"widget\" data-widget_type=\"heading.default\">\n\t\t\t\t<div class=\"elementor-widget-container\">\n\t\t\t\t\t<p class=\"elementor-heading-title elementor-size-small\">PRR - 12.500,00 EUR<\/p>\t\t\t\t<\/div>\n\t\t\t\t<\/div>\n\t\t\t\t<div class=\"elementor-element elementor-element-cffcac5 elementor-widget elementor-widget-heading\" data-id=\"cffcac5\" data-element_type=\"widget\" data-e-type=\"widget\" data-widget_type=\"heading.default\">\n\t\t\t\t<div class=\"elementor-widget-container\">\n\t\t\t\t\t<p class=\"elementor-heading-title elementor-size-default\"><br>Transition num\u00e9rique des entreprises<\/p>\t\t\t\t<\/div>\n\t\t\t\t<\/div>\n\t\t\t\t<div class=\"elementor-element elementor-element-1c770da elementor-widget elementor-widget-heading\" data-id=\"1c770da\" data-element_type=\"widget\" data-e-type=\"widget\" data-widget_type=\"heading.default\">\n\t\t\t\t<div class=\"elementor-widget-container\">\n\t\t\t\t\t<p class=\"elementor-heading-title elementor-size-small\">X-Commerce<\/p>\t\t\t\t<\/div>\n\t\t\t\t<\/div>\n\t\t\t\t<div class=\"elementor-element elementor-element-620a8d4 elementor-widget elementor-widget-heading\" data-id=\"620a8d4\" data-element_type=\"widget\" data-e-type=\"widget\" data-widget_type=\"heading.default\">\n\t\t\t\t<div class=\"elementor-widget-container\">\n\t\t\t\t\t<p class=\"elementor-heading-title elementor-size-small\">24.999,99 EUR<\/p>\t\t\t\t<\/div>\n\t\t\t\t<\/div>\n\t\t\t\t<div class=\"elementor-element elementor-element-6108895 elementor-widget elementor-widget-heading\" data-id=\"6108895\" data-element_type=\"widget\" data-e-type=\"widget\" data-widget_type=\"heading.default\">\n\t\t\t\t<div class=\"elementor-widget-container\">\n\t\t\t\t\t<p class=\"elementor-heading-title elementor-size-small\">12.500,00 EUR<\/p>\t\t\t\t<\/div>\n\t\t\t\t<\/div>\n\t\t\t\t\t<\/div>\n\t\t<\/div>\n\t\t\t\t\t<\/div>\n\t\t<\/section>\n\t\t\t\t<section class=\"elementor-section elementor-top-section elementor-element elementor-element-1fd65fa elementor-section-boxed elementor-section-height-default elementor-section-height-default\" data-id=\"1fd65fa\" data-element_type=\"section\" data-e-type=\"section\" data-settings=\"{&quot;_ha_eqh_enable&quot;:false}\">\n\t\t\t\t\t\t<div class=\"elementor-container elementor-column-gap-default\">\n\t\t\t\t\t<div class=\"elementor-column elementor-col-100 elementor-top-column elementor-element elementor-element-77a7b02\" data-id=\"77a7b02\" data-element_type=\"column\" data-e-type=\"column\">\n\t\t\t<div class=\"elementor-widget-wrap elementor-element-populated\">\n\t\t\t\t\t\t<div class=\"elementor-element elementor-element-7f31702 elementor-widget elementor-widget-text-editor\" data-id=\"7f31702\" data-element_type=\"widget\" data-e-type=\"widget\" data-widget_type=\"text-editor.default\">\n\t\t\t\t<div class=\"elementor-widget-container\">\n\t\t\t\t\t\t\t\t\t<p style=\"font-weight: 400;\">Il est propos\u00e9 de cr\u00e9er une cha\u00eene en ligne d\u00e9di\u00e9e, b\u00e9n\u00e9ficiant d&rsquo;une forte visibilit\u00e9 et d&rsquo;un impact international, afin de pr\u00e9senter le portefeuille de produits de XHOCKWARE.<\/p><p style=\"font-weight: 400;\">L&rsquo;objectif du projet est de d\u00e9velopper une plateforme num\u00e9rique qui positionne l&rsquo;entreprise sur les march\u00e9s internationaux de mani\u00e8re solide et attrayante, en facilitant le contact avec des clients et partenaires potentiels, gr\u00e2ce \u00e0 la localisation du site web et des contenus dans les langues locales et \u00e0 la vente \u00e0 distance d&rsquo;\u00e9quipements.<\/p><p style=\"font-weight: 400;\">Gr\u00e2ce \u00e0 son nouveau site web et \u00e0 sa composante e-commerce, l&rsquo;entreprise offrira une exp\u00e9rience d&rsquo;achat qui simplifie la compr\u00e9hension des fonctionnalit\u00e9s et des avantages de ses produits, favorisant ainsi la proximit\u00e9 avec les clients et \u00e9tablissant un canal direct pour les consultations et les devis.<\/p><p style=\"font-weight: 400;\">Le commerce \u00e9lectronique (e-commerce) dans ce projet sera essentiel pour promouvoir la mondialisation de l&rsquo;entreprise, lui permettant d&rsquo;acc\u00e9der directement \u00e0 diff\u00e9rents march\u00e9s, y compris le B2B (business-to-business), car c&rsquo;est notre segment cible et celui sur lequel l&rsquo;entreprise souhaite se concentrer pour r\u00e9pondre aux besoins sp\u00e9cifiques des grands d\u00e9taillants.<\/p>\t\t\t\t\t\t\t\t<\/div>\n\t\t\t\t<\/div>\n\t\t\t\t<div class=\"elementor-element elementor-element-dc3abc5 elementor-widget elementor-widget-text-editor\" data-id=\"dc3abc5\" data-element_type=\"widget\" data-e-type=\"widget\" data-widget_type=\"text-editor.default\">\n\t\t\t\t<div class=\"elementor-widget-container\">\n\t\t\t\t\t\t\t\t\t<p><a href=\"https:\/\/recuperarportugal.gov.pt\/\">https:\/\/recuperarportugal.gov.pt\/<\/a><\/p>\t\t\t\t\t\t\t\t<\/div>\n\t\t\t\t<\/div>\n\t\t\t\t<div class=\"elementor-element elementor-element-d7689eb elementor-widget elementor-widget-spacer\" data-id=\"d7689eb\" data-element_type=\"widget\" data-e-type=\"widget\" data-widget_type=\"spacer.default\">\n\t\t\t\t<div class=\"elementor-widget-container\">\n\t\t\t\t\t\t\t<div class=\"elementor-spacer\">\n\t\t\t<div class=\"elementor-spacer-inner\"><\/div>\n\t\t<\/div>\n\t\t\t\t\t\t<\/div>\n\t\t\t\t<\/div>\n\t\t\t\t\t<\/div>\n\t\t<\/div>\n\t\t\t\t\t<\/div>\n\t\t<\/section>\n\t\t\t\t<\/div>\n\t\t","protected":false},"excerpt":{"rendered":"<p>E-COMMERCE | 2025 Date de d\u00e9but: Date d&rsquo;ach\u00e8vement: Projet n\u00b0: Avertissement: Code du projet: Apoio: Objectif du projet: Nom du projet: Investissement total \u00e9ligible Investissement financier de l&rsquo;Union europ\u00e9enne: 01-01-2025 31-07-2025 20309 2024-C16i02-19 TD-C16-i02 PRR &#8211; 12.500,00 EUR Transition num\u00e9rique des entreprises X-Commerce 24.999,99 EUR 12.500,00 EUR Il est propos\u00e9 de cr\u00e9er une cha\u00eene en [&hellip;]<\/p>\n","protected":false},"author":4,"featured_media":0,"parent":0,"menu_order":0,"comment_status":"closed","ping_status":"closed","template":"elementor_header_footer","meta":{"footnotes":""},"class_list":["post-5918","page","type-page","status-publish","hentry"],"yoast_head":"<!-- This site is optimized with the Yoast SEO plugin v27.4 - https:\/\/yoast.com\/product\/yoast-seo-wordpress\/ -->\n<title>-Prr-xcommerce - Xhockware<\/title>\n<meta name=\"robots\" content=\"index, follow, max-snippet:-1, max-image-preview:large, max-video-preview:-1\" \/>\n<link rel=\"canonical\" href=\"https:\/\/www.xhockware.com:443\/project-page-prr-xcommerce\/\" \/>\n<meta property=\"og:locale\" content=\"fr_FR\" \/>\n<meta property=\"og:type\" content=\"article\" \/>\n<meta property=\"og:title\" content=\"-Prr-xcommerce - Xhockware\" \/>\n<meta property=\"og:description\" content=\"E-COMMERCE | 2025 Date de d\u00e9but: Date d&rsquo;ach\u00e8vement: Projet n\u00b0: Avertissement: Code du projet: Apoio: Objectif du projet: Nom du projet: Investissement total \u00e9ligible Investissement financier de l&rsquo;Union europ\u00e9enne: 01-01-2025 31-07-2025 20309 2024-C16i02-19 TD-C16-i02 PRR &#8211; 12.500,00 EUR Transition num\u00e9rique des entreprises X-Commerce 24.999,99 EUR 12.500,00 EUR Il est propos\u00e9 de cr\u00e9er une cha\u00eene en [&hellip;]\" \/>\n<meta property=\"og:url\" content=\"https:\/\/www.xhockware.com:443\/project-page-prr-xcommerce\/\" \/>\n<meta property=\"og:site_name\" content=\"Xhockware\" \/>\n<meta property=\"article:publisher\" content=\"https:\/\/www.facebook.com\/xhockware\" \/>\n<meta property=\"article:modified_time\" content=\"2026-02-11T16:00:11+00:00\" \/>\n<meta property=\"og:image\" content=\"https:\/\/www.xhockware.com:443\/wp-content\/uploads\/2024\/09\/barra-logos-prr-01-scaled.png\" \/>\n<meta name=\"twitter:card\" content=\"summary_large_image\" \/>\n<meta name=\"twitter:site\" content=\"@xhockware\" \/>\n<meta name=\"twitter:label1\" content=\"Dur\u00e9e de lecture estim\u00e9e\" \/>\n\t<meta name=\"twitter:data1\" content=\"1 minute\" \/>\n<script type=\"application\/ld+json\" class=\"yoast-schema-graph\">{\"@context\":\"https:\\\/\\\/schema.org\",\"@graph\":[{\"@type\":\"WebPage\",\"@id\":\"https:\\\/\\\/www.xhockware.com:443\\\/project-page-prr-xcommerce\\\/\",\"url\":\"https:\\\/\\\/www.xhockware.com:443\\\/project-page-prr-xcommerce\\\/\",\"name\":\"-Prr-xcommerce - Xhockware\",\"isPartOf\":{\"@id\":\"https:\\\/\\\/www.xhockware.com:443\\\/#website\"},\"primaryImageOfPage\":{\"@id\":\"https:\\\/\\\/www.xhockware.com:443\\\/project-page-prr-xcommerce\\\/#primaryimage\"},\"image\":{\"@id\":\"https:\\\/\\\/www.xhockware.com:443\\\/project-page-prr-xcommerce\\\/#primaryimage\"},\"thumbnailUrl\":\"https:\\\/\\\/www.xhockware.com:443\\\/wp-content\\\/uploads\\\/2024\\\/09\\\/barra-logos-prr-01-scaled.png\",\"datePublished\":\"2026-02-11T15:59:55+00:00\",\"dateModified\":\"2026-02-11T16:00:11+00:00\",\"breadcrumb\":{\"@id\":\"https:\\\/\\\/www.xhockware.com:443\\\/project-page-prr-xcommerce\\\/#breadcrumb\"},\"inLanguage\":\"fr-FR\",\"potentialAction\":[{\"@type\":\"ReadAction\",\"target\":[\"https:\\\/\\\/www.xhockware.com:443\\\/project-page-prr-xcommerce\\\/\"]}]},{\"@type\":\"ImageObject\",\"inLanguage\":\"fr-FR\",\"@id\":\"https:\\\/\\\/www.xhockware.com:443\\\/project-page-prr-xcommerce\\\/#primaryimage\",\"url\":\"https:\\\/\\\/www.xhockware.com:443\\\/wp-content\\\/uploads\\\/2024\\\/09\\\/barra-logos-prr-01-scaled.png\",\"contentUrl\":\"https:\\\/\\\/www.xhockware.com:443\\\/wp-content\\\/uploads\\\/2024\\\/09\\\/barra-logos-prr-01-scaled.png\"},{\"@type\":\"BreadcrumbList\",\"@id\":\"https:\\\/\\\/www.xhockware.com:443\\\/project-page-prr-xcommerce\\\/#breadcrumb\",\"itemListElement\":[{\"@type\":\"ListItem\",\"position\":1,\"name\":\"Home\",\"item\":\"https:\\\/\\\/www.xhockware.com:443\\\/fr\\\/accueil\\\/\"},{\"@type\":\"ListItem\",\"position\":2,\"name\":\"-Prr-xcommerce\"}]},{\"@type\":\"WebSite\",\"@id\":\"https:\\\/\\\/www.xhockware.com:443\\\/#website\",\"url\":\"https:\\\/\\\/www.xhockware.com:443\\\/\",\"name\":\"Xhockware\",\"description\":\"Xhockware is a Retail tech company focused on creating innovative retail solutions\",\"publisher\":{\"@id\":\"https:\\\/\\\/www.xhockware.com:443\\\/#organization\"},\"potentialAction\":[{\"@type\":\"SearchAction\",\"target\":{\"@type\":\"EntryPoint\",\"urlTemplate\":\"https:\\\/\\\/www.xhockware.com:443\\\/?s={search_term_string}\"},\"query-input\":{\"@type\":\"PropertyValueSpecification\",\"valueRequired\":true,\"valueName\":\"search_term_string\"}}],\"inLanguage\":\"fr-FR\"},{\"@type\":\"Organization\",\"@id\":\"https:\\\/\\\/www.xhockware.com:443\\\/#organization\",\"name\":\"Xhockware\",\"url\":\"https:\\\/\\\/www.xhockware.com:443\\\/\",\"logo\":{\"@type\":\"ImageObject\",\"inLanguage\":\"fr-FR\",\"@id\":\"https:\\\/\\\/www.xhockware.com:443\\\/#\\\/schema\\\/logo\\\/image\\\/\",\"url\":\"https:\\\/\\\/www.xhockware.com:443\\\/wp-content\\\/uploads\\\/2024\\\/12\\\/xhockware_logo.png\",\"contentUrl\":\"https:\\\/\\\/www.xhockware.com:443\\\/wp-content\\\/uploads\\\/2024\\\/12\\\/xhockware_logo.png\",\"width\":1079,\"height\":205,\"caption\":\"Xhockware\"},\"image\":{\"@id\":\"https:\\\/\\\/www.xhockware.com:443\\\/#\\\/schema\\\/logo\\\/image\\\/\"},\"sameAs\":[\"https:\\\/\\\/www.facebook.com\\\/xhockware\",\"https:\\\/\\\/x.com\\\/xhockware\",\"https:\\\/\\\/www.linkedin.com\\\/company\\\/xhockw\",\"https:\\\/\\\/www.instagram.com\\\/xhockware\\\/\"]}]}<\/script>\n<!-- \/ Yoast SEO plugin. -->","yoast_head_json":{"title":"-Prr-xcommerce - Xhockware","robots":{"index":"index","follow":"follow","max-snippet":"max-snippet:-1","max-image-preview":"max-image-preview:large","max-video-preview":"max-video-preview:-1"},"canonical":"https:\/\/www.xhockware.com:443\/project-page-prr-xcommerce\/","og_locale":"fr_FR","og_type":"article","og_title":"-Prr-xcommerce - Xhockware","og_description":"E-COMMERCE | 2025 Date de d\u00e9but: Date d&rsquo;ach\u00e8vement: Projet n\u00b0: Avertissement: Code du projet: Apoio: Objectif du projet: Nom du projet: Investissement total \u00e9ligible Investissement financier de l&rsquo;Union europ\u00e9enne: 01-01-2025 31-07-2025 20309 2024-C16i02-19 TD-C16-i02 PRR &#8211; 12.500,00 EUR Transition num\u00e9rique des entreprises X-Commerce 24.999,99 EUR 12.500,00 EUR Il est propos\u00e9 de cr\u00e9er une cha\u00eene en [&hellip;]","og_url":"https:\/\/www.xhockware.com:443\/project-page-prr-xcommerce\/","og_site_name":"Xhockware","article_publisher":"https:\/\/www.facebook.com\/xhockware","article_modified_time":"2026-02-11T16:00:11+00:00","og_image":[{"url":"https:\/\/www.xhockware.com:443\/wp-content\/uploads\/2024\/09\/barra-logos-prr-01-scaled.png","type":"","width":"","height":""}],"twitter_card":"summary_large_image","twitter_site":"@xhockware","twitter_misc":{"Dur\u00e9e de lecture estim\u00e9e":"1 minute"},"schema":{"@context":"https:\/\/schema.org","@graph":[{"@type":"WebPage","@id":"https:\/\/www.xhockware.com:443\/project-page-prr-xcommerce\/","url":"https:\/\/www.xhockware.com:443\/project-page-prr-xcommerce\/","name":"-Prr-xcommerce - Xhockware","isPartOf":{"@id":"https:\/\/www.xhockware.com:443\/#website"},"primaryImageOfPage":{"@id":"https:\/\/www.xhockware.com:443\/project-page-prr-xcommerce\/#primaryimage"},"image":{"@id":"https:\/\/www.xhockware.com:443\/project-page-prr-xcommerce\/#primaryimage"},"thumbnailUrl":"https:\/\/www.xhockware.com:443\/wp-content\/uploads\/2024\/09\/barra-logos-prr-01-scaled.png","datePublished":"2026-02-11T15:59:55+00:00","dateModified":"2026-02-11T16:00:11+00:00","breadcrumb":{"@id":"https:\/\/www.xhockware.com:443\/project-page-prr-xcommerce\/#breadcrumb"},"inLanguage":"fr-FR","potentialAction":[{"@type":"ReadAction","target":["https:\/\/www.xhockware.com:443\/project-page-prr-xcommerce\/"]}]},{"@type":"ImageObject","inLanguage":"fr-FR","@id":"https:\/\/www.xhockware.com:443\/project-page-prr-xcommerce\/#primaryimage","url":"https:\/\/www.xhockware.com:443\/wp-content\/uploads\/2024\/09\/barra-logos-prr-01-scaled.png","contentUrl":"https:\/\/www.xhockware.com:443\/wp-content\/uploads\/2024\/09\/barra-logos-prr-01-scaled.png"},{"@type":"BreadcrumbList","@id":"https:\/\/www.xhockware.com:443\/project-page-prr-xcommerce\/#breadcrumb","itemListElement":[{"@type":"ListItem","position":1,"name":"Home","item":"https:\/\/www.xhockware.com:443\/fr\/accueil\/"},{"@type":"ListItem","position":2,"name":"-Prr-xcommerce"}]},{"@type":"WebSite","@id":"https:\/\/www.xhockware.com:443\/#website","url":"https:\/\/www.xhockware.com:443\/","name":"Xhockware","description":"Xhockware is a Retail tech company focused on creating innovative retail solutions","publisher":{"@id":"https:\/\/www.xhockware.com:443\/#organization"},"potentialAction":[{"@type":"SearchAction","target":{"@type":"EntryPoint","urlTemplate":"https:\/\/www.xhockware.com:443\/?s={search_term_string}"},"query-input":{"@type":"PropertyValueSpecification","valueRequired":true,"valueName":"search_term_string"}}],"inLanguage":"fr-FR"},{"@type":"Organization","@id":"https:\/\/www.xhockware.com:443\/#organization","name":"Xhockware","url":"https:\/\/www.xhockware.com:443\/","logo":{"@type":"ImageObject","inLanguage":"fr-FR","@id":"https:\/\/www.xhockware.com:443\/#\/schema\/logo\/image\/","url":"https:\/\/www.xhockware.com:443\/wp-content\/uploads\/2024\/12\/xhockware_logo.png","contentUrl":"https:\/\/www.xhockware.com:443\/wp-content\/uploads\/2024\/12\/xhockware_logo.png","width":1079,"height":205,"caption":"Xhockware"},"image":{"@id":"https:\/\/www.xhockware.com:443\/#\/schema\/logo\/image\/"},"sameAs":["https:\/\/www.facebook.com\/xhockware","https:\/\/x.com\/xhockware","https:\/\/www.linkedin.com\/company\/xhockw","https:\/\/www.instagram.com\/xhockware\/"]}]}},"jetpack_sharing_enabled":true,"_links":{"self":[{"href":"https:\/\/www.xhockware.com:443\/fr\/wp-json\/wp\/v2\/pages\/5918","targetHints":{"allow":["GET"]}}],"collection":[{"href":"https:\/\/www.xhockware.com:443\/fr\/wp-json\/wp\/v2\/pages"}],"about":[{"href":"https:\/\/www.xhockware.com:443\/fr\/wp-json\/wp\/v2\/types\/page"}],"author":[{"embeddable":true,"href":"https:\/\/www.xhockware.com:443\/fr\/wp-json\/wp\/v2\/users\/4"}],"replies":[{"embeddable":true,"href":"https:\/\/www.xhockware.com:443\/fr\/wp-json\/wp\/v2\/comments?post=5918"}],"version-history":[{"count":1,"href":"https:\/\/www.xhockware.com:443\/fr\/wp-json\/wp\/v2\/pages\/5918\/revisions"}],"predecessor-version":[{"id":5919,"href":"https:\/\/www.xhockware.com:443\/fr\/wp-json\/wp\/v2\/pages\/5918\/revisions\/5919"}],"wp:attachment":[{"href":"https:\/\/www.xhockware.com:443\/fr\/wp-json\/wp\/v2\/media?parent=5918"}],"curies":[{"name":"wp","href":"https:\/\/api.w.org\/{rel}","templated":true}]}}