{"id":5927,"date":"2026-02-11T16:12:23","date_gmt":"2026-02-11T16:12:23","guid":{"rendered":"https:\/\/www2.d.xkw.in:443\/self-service-suite\/"},"modified":"2026-02-11T16:12:32","modified_gmt":"2026-02-11T16:12:32","slug":"self-service-suite","status":"publish","type":"page","link":"https:\/\/www.xhockware.com:443\/fr\/self-service-suite\/","title":{"rendered":"Self Service Suite"},"content":{"rendered":"\t\t<div data-elementor-type=\"wp-page\" data-elementor-id=\"5927\" class=\"elementor elementor-5927 elementor-400\" data-elementor-settings=\"{&quot;ha_cmc_init_switcher&quot;:&quot;no&quot;}\" data-elementor-post-type=\"page\">\n\t\t\t\t\t\t<section class=\"elementor-section elementor-top-section elementor-element elementor-element-e992fed elementor-section-height-min-height elementor-section-items-top elementor-section-content-top elementor-section-boxed elementor-section-height-default\" data-id=\"e992fed\" data-element_type=\"section\" data-e-type=\"section\" data-settings=\"{&quot;_ha_eqh_enable&quot;:false}\">\n\t\t\t\t\t\t<div class=\"elementor-container elementor-column-gap-no\">\n\t\t\t\t\t<div class=\"elementor-column elementor-col-50 elementor-top-column elementor-element elementor-element-e08997a\" data-id=\"e08997a\" data-element_type=\"column\" data-e-type=\"column\">\n\t\t\t<div class=\"elementor-widget-wrap elementor-element-populated\">\n\t\t\t\t\t\t<div class=\"elementor-element elementor-element-3a02c28 elementor-widget elementor-widget-spacer\" data-id=\"3a02c28\" data-element_type=\"widget\" data-e-type=\"widget\" data-widget_type=\"spacer.default\">\n\t\t\t\t<div class=\"elementor-widget-container\">\n\t\t\t\t\t\t\t<div class=\"elementor-spacer\">\n\t\t\t<div class=\"elementor-spacer-inner\"><\/div>\n\t\t<\/div>\n\t\t\t\t\t\t<\/div>\n\t\t\t\t<\/div>\n\t\t\t\t<div class=\"elementor-element elementor-element-0a6c2e0 elementor-widget elementor-widget-heading\" data-id=\"0a6c2e0\" data-element_type=\"widget\" data-e-type=\"widget\" data-widget_type=\"heading.default\">\n\t\t\t\t<div class=\"elementor-widget-container\">\n\t\t\t\t\t<h1 class=\"elementor-heading-title elementor-size-default\">3 raisons de choisir Xhockware<br>Suite de services en libre-service<\/h1>\t\t\t\t<\/div>\n\t\t\t\t<\/div>\n\t\t\t\t<div class=\"elementor-element elementor-element-e046f41 elementor-widget elementor-widget-text-editor\" data-id=\"e046f41\" data-element_type=\"widget\" data-e-type=\"widget\" data-widget_type=\"text-editor.default\">\n\t\t\t\t<div class=\"elementor-widget-container\">\n\t\t\t\t\t\t\t\t\t<p><strong>Fabrication num\u00e9rique<\/strong><br>Notre approche de la conception et de la fabrication des produits repose sur les pratiques actuelles de fabrication num\u00e9rique, avec un impact significatif sur la durabilit\u00e9, la gestion du cycle de vie et les co\u00fbts.<\/p><p><strong>Logiciel Smart-checkout<\/strong><br>Notre plateforme logicielle Smart Checkout \u00e9limine presque enti\u00e8rement la phase d&rsquo;int\u00e9gration et offre une interface graphique ind\u00e9pendante du p\u00e9riph\u00e9rique. Nous pouvons nous connecter \u00e0 pratiquement n&rsquo;importe quel syst\u00e8me de point de vente (POS), m\u00eame dans un environnement multifournisseur<\/p><p><strong>Co\u00fbt imbattable<\/strong><br>En cons\u00e9quence, en ajoutant notre attitude et notre approche lean aux affaires,<br>nous livrons des projets \u00e0 des prix disruptifs par rapport aux acteurs historiques du march\u00e9.<\/p><p class=\"p1\"><strong>Notre but est d\u2019offrir \u00e0 n\u2019importe quel d\u00e9taillant une gamme de produits bien con\u00e7us, et techniquement sup\u00e9rieurs \u00e0 des prix si bas, que tous vos projets d\u2019auto-services deviennent possibles.<\/strong><\/p>\t\t\t\t\t\t\t\t<\/div>\n\t\t\t\t<\/div>\n\t\t\t\t<div class=\"elementor-element elementor-element-d24768d elementor-align-left elementor-mobile-align-center elementor-widget elementor-widget-button\" data-id=\"d24768d\" data-element_type=\"widget\" data-e-type=\"widget\" data-widget_type=\"button.default\">\n\t\t\t\t<div class=\"elementor-widget-container\">\n\t\t\t\t\t\t\t\t\t<div class=\"elementor-button-wrapper\">\n\t\t\t\t\t<a class=\"elementor-button elementor-button-link elementor-size-md\" href=\"https:\/\/www.xhockware.com:443\/fr\/self-services-suite-produit\/\">\n\t\t\t\t\t\t<span class=\"elementor-button-content-wrapper\">\n\t\t\t\t\t\t\t\t\t<span class=\"elementor-button-text\">En savoir plus sur <b>Selfcheckout<\/b><\/span>\n\t\t\t\t\t<\/span>\n\t\t\t\t\t<\/a>\n\t\t\t\t<\/div>\n\t\t\t\t\t\t\t\t<\/div>\n\t\t\t\t<\/div>\n\t\t\t\t\t<\/div>\n\t\t<\/div>\n\t\t\t\t<div class=\"elementor-column elementor-col-50 elementor-top-column elementor-element elementor-element-c10ea49\" data-id=\"c10ea49\" data-element_type=\"column\" data-e-type=\"column\" data-settings=\"{&quot;background_background&quot;:&quot;classic&quot;}\">\n\t\t\t<div class=\"elementor-widget-wrap elementor-element-populated\">\n\t\t\t\t\t\t<div class=\"elementor-element elementor-element-f719ba3 elementor-widget elementor-widget-spacer\" data-id=\"f719ba3\" data-element_type=\"widget\" data-e-type=\"widget\" data-widget_type=\"spacer.default\">\n\t\t\t\t<div class=\"elementor-widget-container\">\n\t\t\t\t\t\t\t<div class=\"elementor-spacer\">\n\t\t\t<div class=\"elementor-spacer-inner\"><\/div>\n\t\t<\/div>\n\t\t\t\t\t\t<\/div>\n\t\t\t\t<\/div>\n\t\t\t\t<div class=\"elementor-element elementor-element-0da591a elementor-widget elementor-widget-image\" data-id=\"0da591a\" data-element_type=\"widget\" data-e-type=\"widget\" data-widget_type=\"image.default\">\n\t\t\t\t<div class=\"elementor-widget-container\">\n\t\t\t\t\t\t\t\t\t\t\t\t\t\t\t<img decoding=\"async\" width=\"640\" height=\"54\" src=\"https:\/\/www.xhockware.com:443\/wp-content\/uploads\/2020\/05\/selfservicesuite-12.png\" class=\"attachment-large size-large wp-image-5966\" alt=\"selfservicesuite\" srcset=\"https:\/\/www.xhockware.com:443\/wp-content\/uploads\/2020\/05\/selfservicesuite-12.png 890w, https:\/\/www.xhockware.com:443\/wp-content\/uploads\/2020\/05\/elementor\/thumbs\/selfservicesuite-12-oq8mnkr0n4p05qy0tlglprpkb94wri92g2nh6dhhis.png 600w, https:\/\/www.xhockware.com:443\/wp-content\/uploads\/2020\/05\/selfservicesuite-12-300x25.png 300w, https:\/\/www.xhockware.com:443\/wp-content\/uploads\/2020\/05\/selfservicesuite-12-768x65.png 768w\" sizes=\"(max-width: 640px) 100vw, 640px\" \/>\t\t\t\t\t\t\t\t\t\t\t\t\t\t\t<\/div>\n\t\t\t\t<\/div>\n\t\t\t\t<div class=\"elementor-element elementor-element-d38b38d elementor-widget elementor-widget-image\" data-id=\"d38b38d\" data-element_type=\"widget\" data-e-type=\"widget\" data-widget_type=\"image.default\">\n\t\t\t\t<div class=\"elementor-widget-container\">\n\t\t\t\t\t\t\t\t\t\t\t\t\t\t\t<img fetchpriority=\"high\" decoding=\"async\" width=\"640\" height=\"809\" src=\"https:\/\/www.xhockware.com:443\/wp-content\/uploads\/2020\/05\/selfservicesuite-3.png\" class=\"attachment-large size-large wp-image-5928\" alt=\"selfservicesuite\" srcset=\"https:\/\/www.xhockware.com:443\/wp-content\/uploads\/2020\/05\/selfservicesuite-3.png 651w, https:\/\/www.xhockware.com:443\/wp-content\/uploads\/2020\/05\/selfservicesuite-3-600x759.png 600w, https:\/\/www.xhockware.com:443\/wp-content\/uploads\/2020\/05\/selfservicesuite-3-237x300.png 237w\" sizes=\"(max-width: 640px) 100vw, 640px\" \/>\t\t\t\t\t\t\t\t\t\t\t\t\t\t\t<\/div>\n\t\t\t\t<\/div>\n\t\t\t\t\t<\/div>\n\t\t<\/div>\n\t\t\t\t\t<\/div>\n\t\t<\/section>\n\t\t\t\t<section class=\"elementor-section elementor-top-section elementor-element elementor-element-17d052f elementor-section-stretched elementor-section-content-top elementor-section-boxed elementor-section-height-default elementor-section-height-default\" data-id=\"17d052f\" data-element_type=\"section\" data-e-type=\"section\" data-settings=\"{&quot;background_background&quot;:&quot;classic&quot;,&quot;stretch_section&quot;:&quot;section-stretched&quot;,&quot;_ha_eqh_enable&quot;:false}\">\n\t\t\t\t\t\t<div class=\"elementor-container elementor-column-gap-no\">\n\t\t\t\t\t<div class=\"elementor-column elementor-col-100 elementor-top-column elementor-element elementor-element-0fbda49\" data-id=\"0fbda49\" data-element_type=\"column\" data-e-type=\"column\">\n\t\t\t<div class=\"elementor-widget-wrap elementor-element-populated\">\n\t\t\t\t\t\t<div class=\"elementor-element elementor-element-6c63d4e elementor-widget__width-auto elementor-view-default elementor-widget elementor-widget-icon\" data-id=\"6c63d4e\" data-element_type=\"widget\" data-e-type=\"widget\" data-widget_type=\"icon.default\">\n\t\t\t\t<div class=\"elementor-widget-container\">\n\t\t\t\t\t\t\t<div class=\"elementor-icon-wrapper\">\n\t\t\t<a class=\"elementor-icon\" href=\"https:\/\/www.xhockware.com:443\/product-youbeep\/\">\n\t\t\t<i aria-hidden=\"true\" class=\"fas fa-circle\"><\/i>\t\t\t<\/a>\n\t\t<\/div>\n\t\t\t\t\t\t<\/div>\n\t\t\t\t<\/div>\n\t\t\t\t<div class=\"elementor-element elementor-element-5916107 elementor-widget__width-auto elementor-view-default elementor-widget elementor-widget-icon\" data-id=\"5916107\" data-element_type=\"widget\" data-e-type=\"widget\" data-widget_type=\"icon.default\">\n\t\t\t\t<div class=\"elementor-widget-container\">\n\t\t\t\t\t\t\t<div class=\"elementor-icon-wrapper\">\n\t\t\t<div class=\"elementor-icon\">\n\t\t\t<i aria-hidden=\"true\" class=\"fas fa-circle\"><\/i>\t\t\t<\/div>\n\t\t<\/div>\n\t\t\t\t\t\t<\/div>\n\t\t\t\t<\/div>\n\t\t\t\t<div class=\"elementor-element elementor-element-af29af3 elementor-widget__width-auto elementor-view-default elementor-widget elementor-widget-icon\" data-id=\"af29af3\" data-element_type=\"widget\" data-e-type=\"widget\" data-widget_type=\"icon.default\">\n\t\t\t\t<div class=\"elementor-widget-container\">\n\t\t\t\t\t\t\t<div class=\"elementor-icon-wrapper\">\n\t\t\t<a class=\"elementor-icon\" href=\"https:\/\/www.xhockware.com:443\/product-shoppster\/\">\n\t\t\t<i aria-hidden=\"true\" class=\"fas fa-circle\"><\/i>\t\t\t<\/a>\n\t\t<\/div>\n\t\t\t\t\t\t<\/div>\n\t\t\t\t<\/div>\n\t\t\t\t<div class=\"elementor-element elementor-element-e0dc4c2 elementor-widget__width-auto elementor-view-default elementor-widget elementor-widget-icon\" data-id=\"e0dc4c2\" data-element_type=\"widget\" data-e-type=\"widget\" data-widget_type=\"icon.default\">\n\t\t\t\t<div class=\"elementor-widget-container\">\n\t\t\t\t\t\t\t<div class=\"elementor-icon-wrapper\">\n\t\t\t<a class=\"elementor-icon\" href=\"https:\/\/www.xhockware.com:443\/product-shelfn\/\">\n\t\t\t<i aria-hidden=\"true\" class=\"fas fa-circle\"><\/i>\t\t\t<\/a>\n\t\t<\/div>\n\t\t\t\t\t\t<\/div>\n\t\t\t\t<\/div>\n\t\t\t\t<div class=\"elementor-element elementor-element-3b0182e elementor-widget__width-auto elementor-view-default elementor-widget elementor-widget-icon\" data-id=\"3b0182e\" data-element_type=\"widget\" data-e-type=\"widget\" data-widget_type=\"icon.default\">\n\t\t\t\t<div class=\"elementor-widget-container\">\n\t\t\t\t\t\t\t<div class=\"elementor-icon-wrapper\">\n\t\t\t<a class=\"elementor-icon\" href=\"https:\/\/www.xhockware.com:443\/product-smartcheckout\/\">\n\t\t\t<i aria-hidden=\"true\" class=\"fas fa-circle\"><\/i>\t\t\t<\/a>\n\t\t<\/div>\n\t\t\t\t\t\t<\/div>\n\t\t\t\t<\/div>\n\t\t\t\t\t<\/div>\n\t\t<\/div>\n\t\t\t\t\t<\/div>\n\t\t<\/section>\n\t\t\t\t<\/div>\n\t\t","protected":false},"excerpt":{"rendered":"<p>3 raisons de choisir XhockwareSuite de services en libre-service Fabrication num\u00e9riqueNotre approche de la conception et de la fabrication des produits repose sur les pratiques actuelles de fabrication num\u00e9rique, avec un impact significatif sur la durabilit\u00e9, la gestion du cycle de vie et les co\u00fbts. Logiciel Smart-checkoutNotre plateforme logicielle Smart Checkout \u00e9limine presque enti\u00e8rement la [&hellip;]<\/p>\n","protected":false},"author":1,"featured_media":0,"parent":0,"menu_order":0,"comment_status":"closed","ping_status":"closed","template":"elementor_header_footer","meta":{"footnotes":""},"class_list":["post-5927","page","type-page","status-publish","hentry"],"yoast_head":"<!-- This site is optimized with the Yoast SEO plugin v27.4 - https:\/\/yoast.com\/product\/yoast-seo-wordpress\/ -->\n<title>Self Service Suite - Xhockware<\/title>\n<meta name=\"robots\" content=\"index, follow, max-snippet:-1, max-image-preview:large, max-video-preview:-1\" \/>\n<link rel=\"canonical\" href=\"https:\/\/www.xhockware.com:443\/product-self-service-suite-2\/\" \/>\n<meta property=\"og:locale\" content=\"fr_FR\" \/>\n<meta property=\"og:type\" content=\"article\" \/>\n<meta property=\"og:title\" content=\"Self Service Suite - Xhockware\" \/>\n<meta property=\"og:description\" content=\"3 raisons de choisir XhockwareSuite de services en libre-service Fabrication num\u00e9riqueNotre approche de la conception et de la fabrication des produits repose sur les pratiques actuelles de fabrication num\u00e9rique, avec un impact significatif sur la durabilit\u00e9, la gestion du cycle de vie et les co\u00fbts. Logiciel Smart-checkoutNotre plateforme logicielle Smart Checkout \u00e9limine presque enti\u00e8rement la [&hellip;]\" \/>\n<meta property=\"og:url\" content=\"https:\/\/www.xhockware.com:443\/product-self-service-suite-2\/\" \/>\n<meta property=\"og:site_name\" content=\"Xhockware\" \/>\n<meta property=\"article:publisher\" content=\"https:\/\/www.facebook.com\/xhockware\" \/>\n<meta property=\"article:modified_time\" content=\"2026-02-11T16:12:32+00:00\" \/>\n<meta property=\"og:image\" content=\"https:\/\/www.xhockware.com:443\/wp-content\/uploads\/2020\/05\/selfservicesuite-12.png\" \/>\n<meta name=\"twitter:card\" content=\"summary_large_image\" \/>\n<meta name=\"twitter:site\" content=\"@xhockware\" \/>\n<meta name=\"twitter:label1\" content=\"Dur\u00e9e de lecture estim\u00e9e\" \/>\n\t<meta name=\"twitter:data1\" content=\"1 minute\" \/>\n<script type=\"application\/ld+json\" class=\"yoast-schema-graph\">{\"@context\":\"https:\\\/\\\/schema.org\",\"@graph\":[{\"@type\":\"WebPage\",\"@id\":\"https:\\\/\\\/www.xhockware.com:443\\\/product-self-service-suite-2\\\/\",\"url\":\"https:\\\/\\\/www.xhockware.com:443\\\/product-self-service-suite-2\\\/\",\"name\":\"Self Service Suite - Xhockware\",\"isPartOf\":{\"@id\":\"https:\\\/\\\/www.xhockware.com:443\\\/#website\"},\"primaryImageOfPage\":{\"@id\":\"https:\\\/\\\/www.xhockware.com:443\\\/product-self-service-suite-2\\\/#primaryimage\"},\"image\":{\"@id\":\"https:\\\/\\\/www.xhockware.com:443\\\/product-self-service-suite-2\\\/#primaryimage\"},\"thumbnailUrl\":\"https:\\\/\\\/www.xhockware.com:443\\\/wp-content\\\/uploads\\\/2020\\\/05\\\/selfservicesuite-12.png\",\"datePublished\":\"2026-02-11T16:12:23+00:00\",\"dateModified\":\"2026-02-11T16:12:32+00:00\",\"breadcrumb\":{\"@id\":\"https:\\\/\\\/www.xhockware.com:443\\\/product-self-service-suite-2\\\/#breadcrumb\"},\"inLanguage\":\"fr-FR\",\"potentialAction\":[{\"@type\":\"ReadAction\",\"target\":[\"https:\\\/\\\/www.xhockware.com:443\\\/product-self-service-suite-2\\\/\"]}]},{\"@type\":\"ImageObject\",\"inLanguage\":\"fr-FR\",\"@id\":\"https:\\\/\\\/www.xhockware.com:443\\\/product-self-service-suite-2\\\/#primaryimage\",\"url\":\"https:\\\/\\\/www.xhockware.com:443\\\/wp-content\\\/uploads\\\/2020\\\/05\\\/selfservicesuite-12.png\",\"contentUrl\":\"https:\\\/\\\/www.xhockware.com:443\\\/wp-content\\\/uploads\\\/2020\\\/05\\\/selfservicesuite-12.png\"},{\"@type\":\"BreadcrumbList\",\"@id\":\"https:\\\/\\\/www.xhockware.com:443\\\/product-self-service-suite-2\\\/#breadcrumb\",\"itemListElement\":[{\"@type\":\"ListItem\",\"position\":1,\"name\":\"Home\",\"item\":\"https:\\\/\\\/www.xhockware.com:443\\\/fr\\\/accueil\\\/\"},{\"@type\":\"ListItem\",\"position\":2,\"name\":\"Self Service Suite\"}]},{\"@type\":\"WebSite\",\"@id\":\"https:\\\/\\\/www.xhockware.com:443\\\/#website\",\"url\":\"https:\\\/\\\/www.xhockware.com:443\\\/\",\"name\":\"Xhockware\",\"description\":\"Xhockware is a Retail tech company focused on creating innovative retail solutions\",\"publisher\":{\"@id\":\"https:\\\/\\\/www.xhockware.com:443\\\/#organization\"},\"potentialAction\":[{\"@type\":\"SearchAction\",\"target\":{\"@type\":\"EntryPoint\",\"urlTemplate\":\"https:\\\/\\\/www.xhockware.com:443\\\/?s={search_term_string}\"},\"query-input\":{\"@type\":\"PropertyValueSpecification\",\"valueRequired\":true,\"valueName\":\"search_term_string\"}}],\"inLanguage\":\"fr-FR\"},{\"@type\":\"Organization\",\"@id\":\"https:\\\/\\\/www.xhockware.com:443\\\/#organization\",\"name\":\"Xhockware\",\"url\":\"https:\\\/\\\/www.xhockware.com:443\\\/\",\"logo\":{\"@type\":\"ImageObject\",\"inLanguage\":\"fr-FR\",\"@id\":\"https:\\\/\\\/www.xhockware.com:443\\\/#\\\/schema\\\/logo\\\/image\\\/\",\"url\":\"https:\\\/\\\/www.xhockware.com:443\\\/wp-content\\\/uploads\\\/2024\\\/12\\\/xhockware_logo.png\",\"contentUrl\":\"https:\\\/\\\/www.xhockware.com:443\\\/wp-content\\\/uploads\\\/2024\\\/12\\\/xhockware_logo.png\",\"width\":1079,\"height\":205,\"caption\":\"Xhockware\"},\"image\":{\"@id\":\"https:\\\/\\\/www.xhockware.com:443\\\/#\\\/schema\\\/logo\\\/image\\\/\"},\"sameAs\":[\"https:\\\/\\\/www.facebook.com\\\/xhockware\",\"https:\\\/\\\/x.com\\\/xhockware\",\"https:\\\/\\\/www.linkedin.com\\\/company\\\/xhockw\",\"https:\\\/\\\/www.instagram.com\\\/xhockware\\\/\"]}]}<\/script>\n<!-- \/ Yoast SEO plugin. -->","yoast_head_json":{"title":"Self Service Suite - Xhockware","robots":{"index":"index","follow":"follow","max-snippet":"max-snippet:-1","max-image-preview":"max-image-preview:large","max-video-preview":"max-video-preview:-1"},"canonical":"https:\/\/www.xhockware.com:443\/product-self-service-suite-2\/","og_locale":"fr_FR","og_type":"article","og_title":"Self Service Suite - Xhockware","og_description":"3 raisons de choisir XhockwareSuite de services en libre-service Fabrication num\u00e9riqueNotre approche de la conception et de la fabrication des produits repose sur les pratiques actuelles de fabrication num\u00e9rique, avec un impact significatif sur la durabilit\u00e9, la gestion du cycle de vie et les co\u00fbts. Logiciel Smart-checkoutNotre plateforme logicielle Smart Checkout \u00e9limine presque enti\u00e8rement la [&hellip;]","og_url":"https:\/\/www.xhockware.com:443\/product-self-service-suite-2\/","og_site_name":"Xhockware","article_publisher":"https:\/\/www.facebook.com\/xhockware","article_modified_time":"2026-02-11T16:12:32+00:00","og_image":[{"url":"https:\/\/www.xhockware.com:443\/wp-content\/uploads\/2020\/05\/selfservicesuite-12.png","type":"","width":"","height":""}],"twitter_card":"summary_large_image","twitter_site":"@xhockware","twitter_misc":{"Dur\u00e9e de lecture estim\u00e9e":"1 minute"},"schema":{"@context":"https:\/\/schema.org","@graph":[{"@type":"WebPage","@id":"https:\/\/www.xhockware.com:443\/product-self-service-suite-2\/","url":"https:\/\/www.xhockware.com:443\/product-self-service-suite-2\/","name":"Self Service Suite - Xhockware","isPartOf":{"@id":"https:\/\/www.xhockware.com:443\/#website"},"primaryImageOfPage":{"@id":"https:\/\/www.xhockware.com:443\/product-self-service-suite-2\/#primaryimage"},"image":{"@id":"https:\/\/www.xhockware.com:443\/product-self-service-suite-2\/#primaryimage"},"thumbnailUrl":"https:\/\/www.xhockware.com:443\/wp-content\/uploads\/2020\/05\/selfservicesuite-12.png","datePublished":"2026-02-11T16:12:23+00:00","dateModified":"2026-02-11T16:12:32+00:00","breadcrumb":{"@id":"https:\/\/www.xhockware.com:443\/product-self-service-suite-2\/#breadcrumb"},"inLanguage":"fr-FR","potentialAction":[{"@type":"ReadAction","target":["https:\/\/www.xhockware.com:443\/product-self-service-suite-2\/"]}]},{"@type":"ImageObject","inLanguage":"fr-FR","@id":"https:\/\/www.xhockware.com:443\/product-self-service-suite-2\/#primaryimage","url":"https:\/\/www.xhockware.com:443\/wp-content\/uploads\/2020\/05\/selfservicesuite-12.png","contentUrl":"https:\/\/www.xhockware.com:443\/wp-content\/uploads\/2020\/05\/selfservicesuite-12.png"},{"@type":"BreadcrumbList","@id":"https:\/\/www.xhockware.com:443\/product-self-service-suite-2\/#breadcrumb","itemListElement":[{"@type":"ListItem","position":1,"name":"Home","item":"https:\/\/www.xhockware.com:443\/fr\/accueil\/"},{"@type":"ListItem","position":2,"name":"Self Service Suite"}]},{"@type":"WebSite","@id":"https:\/\/www.xhockware.com:443\/#website","url":"https:\/\/www.xhockware.com:443\/","name":"Xhockware","description":"Xhockware is a Retail tech company focused on creating innovative retail solutions","publisher":{"@id":"https:\/\/www.xhockware.com:443\/#organization"},"potentialAction":[{"@type":"SearchAction","target":{"@type":"EntryPoint","urlTemplate":"https:\/\/www.xhockware.com:443\/?s={search_term_string}"},"query-input":{"@type":"PropertyValueSpecification","valueRequired":true,"valueName":"search_term_string"}}],"inLanguage":"fr-FR"},{"@type":"Organization","@id":"https:\/\/www.xhockware.com:443\/#organization","name":"Xhockware","url":"https:\/\/www.xhockware.com:443\/","logo":{"@type":"ImageObject","inLanguage":"fr-FR","@id":"https:\/\/www.xhockware.com:443\/#\/schema\/logo\/image\/","url":"https:\/\/www.xhockware.com:443\/wp-content\/uploads\/2024\/12\/xhockware_logo.png","contentUrl":"https:\/\/www.xhockware.com:443\/wp-content\/uploads\/2024\/12\/xhockware_logo.png","width":1079,"height":205,"caption":"Xhockware"},"image":{"@id":"https:\/\/www.xhockware.com:443\/#\/schema\/logo\/image\/"},"sameAs":["https:\/\/www.facebook.com\/xhockware","https:\/\/x.com\/xhockware","https:\/\/www.linkedin.com\/company\/xhockw","https:\/\/www.instagram.com\/xhockware\/"]}]}},"jetpack_sharing_enabled":true,"_links":{"self":[{"href":"https:\/\/www.xhockware.com:443\/fr\/wp-json\/wp\/v2\/pages\/5927","targetHints":{"allow":["GET"]}}],"collection":[{"href":"https:\/\/www.xhockware.com:443\/fr\/wp-json\/wp\/v2\/pages"}],"about":[{"href":"https:\/\/www.xhockware.com:443\/fr\/wp-json\/wp\/v2\/types\/page"}],"author":[{"embeddable":true,"href":"https:\/\/www.xhockware.com:443\/fr\/wp-json\/wp\/v2\/users\/1"}],"replies":[{"embeddable":true,"href":"https:\/\/www.xhockware.com:443\/fr\/wp-json\/wp\/v2\/comments?post=5927"}],"version-history":[{"count":1,"href":"https:\/\/www.xhockware.com:443\/fr\/wp-json\/wp\/v2\/pages\/5927\/revisions"}],"predecessor-version":[{"id":5932,"href":"https:\/\/www.xhockware.com:443\/fr\/wp-json\/wp\/v2\/pages\/5927\/revisions\/5932"}],"wp:attachment":[{"href":"https:\/\/www.xhockware.com:443\/fr\/wp-json\/wp\/v2\/media?parent=5927"}],"curies":[{"name":"wp","href":"https:\/\/api.w.org\/{rel}","templated":true}]}}