{"id":5972,"date":"2026-02-11T16:22:49","date_gmt":"2026-02-11T16:22:49","guid":{"rendered":"https:\/\/www2.d.xkw.in:443\/shelfn\/"},"modified":"2026-02-11T16:22:57","modified_gmt":"2026-02-11T16:22:57","slug":"shelfn","status":"publish","type":"page","link":"https:\/\/www.xhockware.com:443\/fr\/shelfn\/","title":{"rendered":"Shelfn"},"content":{"rendered":"\t\t<div data-elementor-type=\"wp-page\" data-elementor-id=\"5972\" class=\"elementor elementor-5972 elementor-408\" data-elementor-settings=\"{&quot;ha_cmc_init_switcher&quot;:&quot;no&quot;}\" data-elementor-post-type=\"page\">\n\t\t\t\t\t\t<section class=\"elementor-section elementor-top-section elementor-element elementor-element-917e703 elementor-section-height-min-height elementor-section-items-top elementor-section-content-top elementor-section-boxed elementor-section-height-default\" data-id=\"917e703\" data-element_type=\"section\" data-e-type=\"section\" data-settings=\"{&quot;_ha_eqh_enable&quot;:false}\">\n\t\t\t\t\t\t<div class=\"elementor-container elementor-column-gap-no\">\n\t\t\t\t\t<div class=\"elementor-column elementor-col-50 elementor-top-column elementor-element elementor-element-23ce0c6\" data-id=\"23ce0c6\" data-element_type=\"column\" data-e-type=\"column\">\n\t\t\t<div class=\"elementor-widget-wrap elementor-element-populated\">\n\t\t\t\t\t\t<div class=\"elementor-element elementor-element-43f04de elementor-widget elementor-widget-heading\" data-id=\"43f04de\" data-element_type=\"widget\" data-e-type=\"widget\" data-widget_type=\"heading.default\">\n\t\t\t\t<div class=\"elementor-widget-container\">\n\t\t\t\t\t<h1 class=\"elementor-heading-title elementor-size-default\">\u00c9liminez les ruptures de stock<br>de votre magasin\n<\/h1>\t\t\t\t<\/div>\n\t\t\t\t<\/div>\n\t\t\t\t<div class=\"elementor-element elementor-element-6ae2301 elementor-widget elementor-widget-text-editor\" data-id=\"6ae2301\" data-element_type=\"widget\" data-e-type=\"widget\" data-widget_type=\"text-editor.default\">\n\t\t\t\t<div class=\"elementor-widget-container\">\n\t\t\t\t\t\t\t\t\t<p>SHELFN transforme vos \u00e9tag\u00e8res traditionnelles en \u00e9tag\u00e8res intelligentes, qui vous permettent de surveiller en temps r\u00e9el le niveau des stocks sur chaque \u00e9tag\u00e8re.<\/p><p>Gr\u00e2ce \u00e0 notre technologie Smart-checkout permettant une int\u00e9gration du point de vente (POS) facile, nous pouvons m\u00eame pr\u00e9dire le stock de paniers d\u2019achat, pour cela, en connaissant le contenu du panier \u00e0 l\u2019avance.<\/p><p>Int\u00e9gration facile avec le planogramme existant et le logiciel d\u2019ex\u00e9cution.<\/p>\t\t\t\t\t\t\t\t<\/div>\n\t\t\t\t<\/div>\n\t\t\t\t<div class=\"elementor-element elementor-element-d104faf elementor-align-left elementor-mobile-align-center elementor-widget elementor-widget-button\" data-id=\"d104faf\" data-element_type=\"widget\" data-e-type=\"widget\" data-widget_type=\"button.default\">\n\t\t\t\t<div class=\"elementor-widget-container\">\n\t\t\t\t\t\t\t\t\t<div class=\"elementor-button-wrapper\">\n\t\t\t\t\t<a class=\"elementor-button elementor-button-link elementor-size-md\" href=\"https:\/\/www.xhockware.com:443\/fr\/shelfn-2\/\">\n\t\t\t\t\t\t<span class=\"elementor-button-content-wrapper\">\n\t\t\t\t\t\t\t\t\t<span class=\"elementor-button-text\">En savoir plus sur <b>Shelfn<\/b><\/span>\n\t\t\t\t\t<\/span>\n\t\t\t\t\t<\/a>\n\t\t\t\t<\/div>\n\t\t\t\t\t\t\t\t<\/div>\n\t\t\t\t<\/div>\n\t\t\t\t\t<\/div>\n\t\t<\/div>\n\t\t\t\t<div class=\"elementor-column elementor-col-50 elementor-top-column elementor-element elementor-element-f423b65\" data-id=\"f423b65\" data-element_type=\"column\" data-e-type=\"column\" data-settings=\"{&quot;background_background&quot;:&quot;classic&quot;}\">\n\t\t\t<div class=\"elementor-widget-wrap elementor-element-populated\">\n\t\t\t\t\t\t<div class=\"elementor-element elementor-element-2f0eb1b elementor-view-default elementor-widget elementor-widget-icon\" data-id=\"2f0eb1b\" data-element_type=\"widget\" data-e-type=\"widget\" data-widget_type=\"icon.default\">\n\t\t\t\t<div class=\"elementor-widget-container\">\n\t\t\t\t\t\t\t<div class=\"elementor-icon-wrapper\">\n\t\t\t<div class=\"elementor-icon\">\n\t\t\t<svg xmlns=\"http:\/\/www.w3.org\/2000\/svg\" xmlns:xlink=\"http:\/\/www.w3.org\/1999\/xlink\" xmlns:serif=\"http:\/\/www.serif.com\/\" width=\"100%\" height=\"100%\" viewBox=\"0 0 1123 280\" xml:space=\"preserve\" style=\"fill-rule:evenodd;clip-rule:evenodd;stroke-linejoin:round;stroke-miterlimit:2;\"><g id=\"prefix__Group_115\"><rect id=\"prefix__Rectangle_1150\" x=\"0\" y=\"2.717\" width=\"817.788\" height=\"276.321\" style=\"fill:#d80303;fill-rule:nonzero;\"><\/rect><path id=\"prefix__Path_450\" d=\"M834.229,5.129l0,267.084c0,2.688 2.211,4.901 4.9,4.904l52.021,0c2.685,-0.005 4.892,-2.215 4.892,-4.9l0,-103.192c0.001,-2.687 2.212,-4.898 4.9,-4.898c1.599,0 3.1,0.783 4.016,2.094l76.171,108.808c0.917,1.306 2.417,2.085 4.013,2.084l42.004,0c2.687,-0.003 4.898,-2.213 4.9,-4.9l0,-43.063c-0.003,-0.969 -0.293,-1.916 -0.833,-2.721l-146.076,-219.141c-0.909,-1.359 -2.44,-2.177 -4.074,-2.18l-46.834,0\" style=\"fill:#d80303;fill-rule:nonzero;\"><\/path><path id=\"prefix__Path_451\" d=\"M1122.3,271.988l0,-267.084c0,-2.688 -2.212,-4.9 -4.9,-4.9l-52.012,0c-2.689,0 -4.901,2.212 -4.901,4.9l0.001,103.192c-0.002,2.687 -2.213,4.898 -4.9,4.898c-1.6,0 -3.101,-0.783 -4.017,-2.094l-76.163,-108.817c-0.919,-1.305 -2.42,-2.083 -4.016,-2.083l-42,0c-2.688,0 -4.9,2.212 -4.9,4.9l0,43.075c0.003,0.968 0.293,1.914 0.833,2.717l146.071,219.116c0.907,1.361 2.439,2.18 4.075,2.18l46.829,0\" style=\"fill:#d80303;fill-rule:nonzero;\"><\/path><g id=\"prefix__Group_107\"><path id=\"prefix__Path_452\" d=\"M114.9,241.058c-43.258,0 -77.083,-21.487 -78.5,-62.17l52.146,0c1.433,15.475 11.171,22.916 24.925,22.916c14.325,0 23.491,-7.162 23.491,-18.908c0,-37.25 -100.562,-17.196 -100,-88.533c0,-38.1 31.225,-59.3 73.334,-59.3c43.833,0 73.333,21.77 75.35,60.162l-52.975,0c-0.867,-12.892 -10.034,-20.625 -23.213,-20.912c-11.745,-0.288 -20.625,5.729 -20.625,18.333c0,34.958 99.413,19.196 99.413,86.529c0,33.817 -26.354,61.883 -73.346,61.883Z\" style=\"fill:#fff;fill-rule:nonzero;\"><\/path><path id=\"prefix__Path_453\" d=\"M343.517,156.254l-76.213,0l0,82.8l-48.996,0l0,-201.121l48.996,0l0,78.788l76.217,0l0,-78.788l48.979,0l0,201.121l-48.983,0l0,-82.8Z\" style=\"fill:#fff;fill-rule:nonzero;\"><\/path><\/g><g id=\"prefix__Group_108\"><path id=\"prefix__Path_454\" d=\"M567.704,37.929l0,163.304l64.167,0l0,37.817l-113.163,0l0,-201.121l48.996,0Z\" style=\"fill:#fff;fill-rule:nonzero;\"><\/path><path id=\"prefix__Path_455\" d=\"M655.358,37.929l130.93,0l0,39.259l-81.934,0l0,42.404l61.309,0l0,38.1l-61.309,0l0,81.366l-48.996,0l0,-201.129Z\" style=\"fill:#fff;fill-rule:nonzero;\"><\/path><\/g><path id=\"prefix__Path_456\" d=\"M392.275,37.858l125.333,0l0,41.463l-71.62,0l0,41.467l71.62,0l0,35.541l-71.62,0l0,41.467l71.62,0l0,41.454l-125.333,0l0,-201.392Z\" style=\"fill:#d80303;fill-rule:nonzero;\"><\/path><rect id=\"prefix__Rectangle_1151\" x=\"445.988\" y=\"79.321\" width=\"78.333\" height=\"40.225\" style=\"fill:#fff;fill-rule:nonzero;\"><\/rect><rect id=\"prefix__Rectangle_1152\" x=\"445.988\" y=\"154.496\" width=\"80.621\" height=\"40.225\" style=\"fill:#fff;fill-rule:nonzero;\"><\/rect><\/g><\/svg>\t\t\t<\/div>\n\t\t<\/div>\n\t\t\t\t\t\t<\/div>\n\t\t\t\t<\/div>\n\t\t\t\t<div class=\"elementor-element elementor-element-ea7d4a1 elementor-widget elementor-widget-image\" data-id=\"ea7d4a1\" data-element_type=\"widget\" data-e-type=\"widget\" data-widget_type=\"image.default\">\n\t\t\t\t<div class=\"elementor-widget-container\">\n\t\t\t\t\t\t\t\t\t\t\t\t\t\t\t<img fetchpriority=\"high\" decoding=\"async\" width=\"640\" height=\"392\" src=\"https:\/\/www.xhockware.com:443\/wp-content\/uploads\/2020\/05\/AdobeStock_204899990.jpg\" class=\"attachment-large size-large wp-image-5975\" alt=\"Shelfn\" srcset=\"https:\/\/www.xhockware.com:443\/wp-content\/uploads\/2020\/05\/AdobeStock_204899990.jpg 843w, https:\/\/www.xhockware.com:443\/wp-content\/uploads\/2020\/05\/AdobeStock_204899990-600x367.jpg 600w, https:\/\/www.xhockware.com:443\/wp-content\/uploads\/2020\/05\/AdobeStock_204899990-300x184.jpg 300w, https:\/\/www.xhockware.com:443\/wp-content\/uploads\/2020\/05\/AdobeStock_204899990-768x470.jpg 768w\" sizes=\"(max-width: 640px) 100vw, 640px\" \/>\t\t\t\t\t\t\t\t\t\t\t\t\t\t\t<\/div>\n\t\t\t\t<\/div>\n\t\t\t\t\t<\/div>\n\t\t<\/div>\n\t\t\t\t\t<\/div>\n\t\t<\/section>\n\t\t\t\t<section class=\"elementor-section elementor-top-section elementor-element elementor-element-0d388d8 elementor-section-boxed elementor-section-height-default elementor-section-height-default\" data-id=\"0d388d8\" data-element_type=\"section\" data-e-type=\"section\" data-settings=\"{&quot;background_background&quot;:&quot;classic&quot;,&quot;_ha_eqh_enable&quot;:false}\">\n\t\t\t\t\t\t<div class=\"elementor-container elementor-column-gap-no\">\n\t\t\t\t\t<div class=\"elementor-column elementor-col-100 elementor-top-column elementor-element elementor-element-2a3d8d2\" data-id=\"2a3d8d2\" data-element_type=\"column\" data-e-type=\"column\">\n\t\t\t<div class=\"elementor-widget-wrap elementor-element-populated\">\n\t\t\t\t\t\t<div class=\"elementor-element elementor-element-457282c elementor-widget__width-auto elementor-view-default elementor-widget elementor-widget-icon\" data-id=\"457282c\" data-element_type=\"widget\" data-e-type=\"widget\" data-widget_type=\"icon.default\">\n\t\t\t\t<div class=\"elementor-widget-container\">\n\t\t\t\t\t\t\t<div class=\"elementor-icon-wrapper\">\n\t\t\t<a class=\"elementor-icon\" href=\"https:\/\/www.xhockware.com:443\/product-youbeep\/\">\n\t\t\t<i aria-hidden=\"true\" class=\"fas fa-circle\"><\/i>\t\t\t<\/a>\n\t\t<\/div>\n\t\t\t\t\t\t<\/div>\n\t\t\t\t<\/div>\n\t\t\t\t<div class=\"elementor-element elementor-element-de2b496 elementor-widget__width-auto elementor-view-default elementor-widget elementor-widget-icon\" data-id=\"de2b496\" data-element_type=\"widget\" data-e-type=\"widget\" data-widget_type=\"icon.default\">\n\t\t\t\t<div class=\"elementor-widget-container\">\n\t\t\t\t\t\t\t<div class=\"elementor-icon-wrapper\">\n\t\t\t<a class=\"elementor-icon\" href=\"https:\/\/www.xhockware.com:443\/product-self-service-suite-2\/\">\n\t\t\t<i aria-hidden=\"true\" class=\"fas fa-circle\"><\/i>\t\t\t<\/a>\n\t\t<\/div>\n\t\t\t\t\t\t<\/div>\n\t\t\t\t<\/div>\n\t\t\t\t<div class=\"elementor-element elementor-element-d70f009 elementor-widget__width-auto elementor-view-default elementor-widget elementor-widget-icon\" data-id=\"d70f009\" data-element_type=\"widget\" data-e-type=\"widget\" data-widget_type=\"icon.default\">\n\t\t\t\t<div class=\"elementor-widget-container\">\n\t\t\t\t\t\t\t<div class=\"elementor-icon-wrapper\">\n\t\t\t<a class=\"elementor-icon\" href=\"https:\/\/www.xhockware.com:443\/product-shoppster\/\">\n\t\t\t<i aria-hidden=\"true\" class=\"fas fa-circle\"><\/i>\t\t\t<\/a>\n\t\t<\/div>\n\t\t\t\t\t\t<\/div>\n\t\t\t\t<\/div>\n\t\t\t\t<div class=\"elementor-element elementor-element-d53acdb elementor-widget__width-auto elementor-view-default elementor-widget elementor-widget-icon\" data-id=\"d53acdb\" data-element_type=\"widget\" data-e-type=\"widget\" data-widget_type=\"icon.default\">\n\t\t\t\t<div class=\"elementor-widget-container\">\n\t\t\t\t\t\t\t<div class=\"elementor-icon-wrapper\">\n\t\t\t<div class=\"elementor-icon\">\n\t\t\t<i aria-hidden=\"true\" class=\"fas fa-circle\"><\/i>\t\t\t<\/div>\n\t\t<\/div>\n\t\t\t\t\t\t<\/div>\n\t\t\t\t<\/div>\n\t\t\t\t<div class=\"elementor-element elementor-element-1902103 elementor-widget__width-auto elementor-view-default elementor-widget elementor-widget-icon\" data-id=\"1902103\" data-element_type=\"widget\" data-e-type=\"widget\" data-widget_type=\"icon.default\">\n\t\t\t\t<div class=\"elementor-widget-container\">\n\t\t\t\t\t\t\t<div class=\"elementor-icon-wrapper\">\n\t\t\t<a class=\"elementor-icon\" href=\"https:\/\/www.xhockware.com:443\/product-smartcheckout\/\">\n\t\t\t<i aria-hidden=\"true\" class=\"fas fa-circle\"><\/i>\t\t\t<\/a>\n\t\t<\/div>\n\t\t\t\t\t\t<\/div>\n\t\t\t\t<\/div>\n\t\t\t\t\t<\/div>\n\t\t<\/div>\n\t\t\t\t\t<\/div>\n\t\t<\/section>\n\t\t\t\t<\/div>\n\t\t","protected":false},"excerpt":{"rendered":"<p>\u00c9liminez les ruptures de stockde votre magasin SHELFN transforme vos \u00e9tag\u00e8res traditionnelles en \u00e9tag\u00e8res intelligentes, qui vous permettent de surveiller en temps r\u00e9el le niveau des stocks sur chaque \u00e9tag\u00e8re. Gr\u00e2ce \u00e0 notre technologie Smart-checkout permettant une int\u00e9gration du point de vente (POS) facile, nous pouvons m\u00eame pr\u00e9dire le stock de paniers d\u2019achat, pour cela, [&hellip;]<\/p>\n","protected":false},"author":1,"featured_media":0,"parent":0,"menu_order":0,"comment_status":"closed","ping_status":"closed","template":"elementor_header_footer","meta":{"footnotes":""},"class_list":["post-5972","page","type-page","status-publish","hentry"],"yoast_head":"<!-- This site is optimized with the Yoast SEO plugin v27.4 - https:\/\/yoast.com\/product\/yoast-seo-wordpress\/ -->\n<title>Shelfn - Xhockware<\/title>\n<meta name=\"robots\" content=\"index, follow, max-snippet:-1, max-image-preview:large, max-video-preview:-1\" \/>\n<link rel=\"canonical\" href=\"https:\/\/www.xhockware.com:443\/product-shelfn\/\" \/>\n<meta property=\"og:locale\" content=\"fr_FR\" \/>\n<meta property=\"og:type\" content=\"article\" \/>\n<meta property=\"og:title\" content=\"Shelfn - Xhockware\" \/>\n<meta property=\"og:description\" content=\"\u00c9liminez les ruptures de stockde votre magasin SHELFN transforme vos \u00e9tag\u00e8res traditionnelles en \u00e9tag\u00e8res intelligentes, qui vous permettent de surveiller en temps r\u00e9el le niveau des stocks sur chaque \u00e9tag\u00e8re. Gr\u00e2ce \u00e0 notre technologie Smart-checkout permettant une int\u00e9gration du point de vente (POS) facile, nous pouvons m\u00eame pr\u00e9dire le stock de paniers d\u2019achat, pour cela, [&hellip;]\" \/>\n<meta property=\"og:url\" content=\"https:\/\/www.xhockware.com:443\/product-shelfn\/\" \/>\n<meta property=\"og:site_name\" content=\"Xhockware\" \/>\n<meta property=\"article:publisher\" content=\"https:\/\/www.facebook.com\/xhockware\" \/>\n<meta property=\"article:modified_time\" content=\"2026-02-11T16:22:57+00:00\" \/>\n<meta property=\"og:image\" content=\"https:\/\/www.xhockware.com:443\/wp-content\/uploads\/2020\/05\/AdobeStock_204899990.jpg\" \/>\n<meta name=\"twitter:card\" content=\"summary_large_image\" \/>\n<meta name=\"twitter:site\" content=\"@xhockware\" \/>\n<script type=\"application\/ld+json\" class=\"yoast-schema-graph\">{\"@context\":\"https:\\\/\\\/schema.org\",\"@graph\":[{\"@type\":\"WebPage\",\"@id\":\"https:\\\/\\\/www.xhockware.com:443\\\/product-shelfn\\\/\",\"url\":\"https:\\\/\\\/www.xhockware.com:443\\\/product-shelfn\\\/\",\"name\":\"Shelfn - Xhockware\",\"isPartOf\":{\"@id\":\"https:\\\/\\\/www.xhockware.com:443\\\/#website\"},\"primaryImageOfPage\":{\"@id\":\"https:\\\/\\\/www.xhockware.com:443\\\/product-shelfn\\\/#primaryimage\"},\"image\":{\"@id\":\"https:\\\/\\\/www.xhockware.com:443\\\/product-shelfn\\\/#primaryimage\"},\"thumbnailUrl\":\"https:\\\/\\\/www.xhockware.com:443\\\/wp-content\\\/uploads\\\/2020\\\/05\\\/AdobeStock_204899990.jpg\",\"datePublished\":\"2026-02-11T16:22:49+00:00\",\"dateModified\":\"2026-02-11T16:22:57+00:00\",\"breadcrumb\":{\"@id\":\"https:\\\/\\\/www.xhockware.com:443\\\/product-shelfn\\\/#breadcrumb\"},\"inLanguage\":\"fr-FR\",\"potentialAction\":[{\"@type\":\"ReadAction\",\"target\":[\"https:\\\/\\\/www.xhockware.com:443\\\/product-shelfn\\\/\"]}]},{\"@type\":\"ImageObject\",\"inLanguage\":\"fr-FR\",\"@id\":\"https:\\\/\\\/www.xhockware.com:443\\\/product-shelfn\\\/#primaryimage\",\"url\":\"https:\\\/\\\/www.xhockware.com:443\\\/wp-content\\\/uploads\\\/2020\\\/05\\\/AdobeStock_204899990.jpg\",\"contentUrl\":\"https:\\\/\\\/www.xhockware.com:443\\\/wp-content\\\/uploads\\\/2020\\\/05\\\/AdobeStock_204899990.jpg\"},{\"@type\":\"BreadcrumbList\",\"@id\":\"https:\\\/\\\/www.xhockware.com:443\\\/product-shelfn\\\/#breadcrumb\",\"itemListElement\":[{\"@type\":\"ListItem\",\"position\":1,\"name\":\"Home\",\"item\":\"https:\\\/\\\/www.xhockware.com:443\\\/fr\\\/accueil\\\/\"},{\"@type\":\"ListItem\",\"position\":2,\"name\":\"Shelfn\"}]},{\"@type\":\"WebSite\",\"@id\":\"https:\\\/\\\/www.xhockware.com:443\\\/#website\",\"url\":\"https:\\\/\\\/www.xhockware.com:443\\\/\",\"name\":\"Xhockware\",\"description\":\"Xhockware is a Retail tech company focused on creating innovative retail solutions\",\"publisher\":{\"@id\":\"https:\\\/\\\/www.xhockware.com:443\\\/#organization\"},\"potentialAction\":[{\"@type\":\"SearchAction\",\"target\":{\"@type\":\"EntryPoint\",\"urlTemplate\":\"https:\\\/\\\/www.xhockware.com:443\\\/?s={search_term_string}\"},\"query-input\":{\"@type\":\"PropertyValueSpecification\",\"valueRequired\":true,\"valueName\":\"search_term_string\"}}],\"inLanguage\":\"fr-FR\"},{\"@type\":\"Organization\",\"@id\":\"https:\\\/\\\/www.xhockware.com:443\\\/#organization\",\"name\":\"Xhockware\",\"url\":\"https:\\\/\\\/www.xhockware.com:443\\\/\",\"logo\":{\"@type\":\"ImageObject\",\"inLanguage\":\"fr-FR\",\"@id\":\"https:\\\/\\\/www.xhockware.com:443\\\/#\\\/schema\\\/logo\\\/image\\\/\",\"url\":\"https:\\\/\\\/www.xhockware.com:443\\\/wp-content\\\/uploads\\\/2024\\\/12\\\/xhockware_logo.png\",\"contentUrl\":\"https:\\\/\\\/www.xhockware.com:443\\\/wp-content\\\/uploads\\\/2024\\\/12\\\/xhockware_logo.png\",\"width\":1079,\"height\":205,\"caption\":\"Xhockware\"},\"image\":{\"@id\":\"https:\\\/\\\/www.xhockware.com:443\\\/#\\\/schema\\\/logo\\\/image\\\/\"},\"sameAs\":[\"https:\\\/\\\/www.facebook.com\\\/xhockware\",\"https:\\\/\\\/x.com\\\/xhockware\",\"https:\\\/\\\/www.linkedin.com\\\/company\\\/xhockw\",\"https:\\\/\\\/www.instagram.com\\\/xhockware\\\/\"]}]}<\/script>\n<!-- \/ Yoast SEO plugin. -->","yoast_head_json":{"title":"Shelfn - Xhockware","robots":{"index":"index","follow":"follow","max-snippet":"max-snippet:-1","max-image-preview":"max-image-preview:large","max-video-preview":"max-video-preview:-1"},"canonical":"https:\/\/www.xhockware.com:443\/product-shelfn\/","og_locale":"fr_FR","og_type":"article","og_title":"Shelfn - Xhockware","og_description":"\u00c9liminez les ruptures de stockde votre magasin SHELFN transforme vos \u00e9tag\u00e8res traditionnelles en \u00e9tag\u00e8res intelligentes, qui vous permettent de surveiller en temps r\u00e9el le niveau des stocks sur chaque \u00e9tag\u00e8re. Gr\u00e2ce \u00e0 notre technologie Smart-checkout permettant une int\u00e9gration du point de vente (POS) facile, nous pouvons m\u00eame pr\u00e9dire le stock de paniers d\u2019achat, pour cela, [&hellip;]","og_url":"https:\/\/www.xhockware.com:443\/product-shelfn\/","og_site_name":"Xhockware","article_publisher":"https:\/\/www.facebook.com\/xhockware","article_modified_time":"2026-02-11T16:22:57+00:00","og_image":[{"url":"https:\/\/www.xhockware.com:443\/wp-content\/uploads\/2020\/05\/AdobeStock_204899990.jpg","type":"","width":"","height":""}],"twitter_card":"summary_large_image","twitter_site":"@xhockware","schema":{"@context":"https:\/\/schema.org","@graph":[{"@type":"WebPage","@id":"https:\/\/www.xhockware.com:443\/product-shelfn\/","url":"https:\/\/www.xhockware.com:443\/product-shelfn\/","name":"Shelfn - Xhockware","isPartOf":{"@id":"https:\/\/www.xhockware.com:443\/#website"},"primaryImageOfPage":{"@id":"https:\/\/www.xhockware.com:443\/product-shelfn\/#primaryimage"},"image":{"@id":"https:\/\/www.xhockware.com:443\/product-shelfn\/#primaryimage"},"thumbnailUrl":"https:\/\/www.xhockware.com:443\/wp-content\/uploads\/2020\/05\/AdobeStock_204899990.jpg","datePublished":"2026-02-11T16:22:49+00:00","dateModified":"2026-02-11T16:22:57+00:00","breadcrumb":{"@id":"https:\/\/www.xhockware.com:443\/product-shelfn\/#breadcrumb"},"inLanguage":"fr-FR","potentialAction":[{"@type":"ReadAction","target":["https:\/\/www.xhockware.com:443\/product-shelfn\/"]}]},{"@type":"ImageObject","inLanguage":"fr-FR","@id":"https:\/\/www.xhockware.com:443\/product-shelfn\/#primaryimage","url":"https:\/\/www.xhockware.com:443\/wp-content\/uploads\/2020\/05\/AdobeStock_204899990.jpg","contentUrl":"https:\/\/www.xhockware.com:443\/wp-content\/uploads\/2020\/05\/AdobeStock_204899990.jpg"},{"@type":"BreadcrumbList","@id":"https:\/\/www.xhockware.com:443\/product-shelfn\/#breadcrumb","itemListElement":[{"@type":"ListItem","position":1,"name":"Home","item":"https:\/\/www.xhockware.com:443\/fr\/accueil\/"},{"@type":"ListItem","position":2,"name":"Shelfn"}]},{"@type":"WebSite","@id":"https:\/\/www.xhockware.com:443\/#website","url":"https:\/\/www.xhockware.com:443\/","name":"Xhockware","description":"Xhockware is a Retail tech company focused on creating innovative retail solutions","publisher":{"@id":"https:\/\/www.xhockware.com:443\/#organization"},"potentialAction":[{"@type":"SearchAction","target":{"@type":"EntryPoint","urlTemplate":"https:\/\/www.xhockware.com:443\/?s={search_term_string}"},"query-input":{"@type":"PropertyValueSpecification","valueRequired":true,"valueName":"search_term_string"}}],"inLanguage":"fr-FR"},{"@type":"Organization","@id":"https:\/\/www.xhockware.com:443\/#organization","name":"Xhockware","url":"https:\/\/www.xhockware.com:443\/","logo":{"@type":"ImageObject","inLanguage":"fr-FR","@id":"https:\/\/www.xhockware.com:443\/#\/schema\/logo\/image\/","url":"https:\/\/www.xhockware.com:443\/wp-content\/uploads\/2024\/12\/xhockware_logo.png","contentUrl":"https:\/\/www.xhockware.com:443\/wp-content\/uploads\/2024\/12\/xhockware_logo.png","width":1079,"height":205,"caption":"Xhockware"},"image":{"@id":"https:\/\/www.xhockware.com:443\/#\/schema\/logo\/image\/"},"sameAs":["https:\/\/www.facebook.com\/xhockware","https:\/\/x.com\/xhockware","https:\/\/www.linkedin.com\/company\/xhockw","https:\/\/www.instagram.com\/xhockware\/"]}]}},"jetpack_sharing_enabled":true,"_links":{"self":[{"href":"https:\/\/www.xhockware.com:443\/fr\/wp-json\/wp\/v2\/pages\/5972","targetHints":{"allow":["GET"]}}],"collection":[{"href":"https:\/\/www.xhockware.com:443\/fr\/wp-json\/wp\/v2\/pages"}],"about":[{"href":"https:\/\/www.xhockware.com:443\/fr\/wp-json\/wp\/v2\/types\/page"}],"author":[{"embeddable":true,"href":"https:\/\/www.xhockware.com:443\/fr\/wp-json\/wp\/v2\/users\/1"}],"replies":[{"embeddable":true,"href":"https:\/\/www.xhockware.com:443\/fr\/wp-json\/wp\/v2\/comments?post=5972"}],"version-history":[{"count":1,"href":"https:\/\/www.xhockware.com:443\/fr\/wp-json\/wp\/v2\/pages\/5972\/revisions"}],"predecessor-version":[{"id":5976,"href":"https:\/\/www.xhockware.com:443\/fr\/wp-json\/wp\/v2\/pages\/5972\/revisions\/5976"}],"wp:attachment":[{"href":"https:\/\/www.xhockware.com:443\/fr\/wp-json\/wp\/v2\/media?parent=5972"}],"curies":[{"name":"wp","href":"https:\/\/api.w.org\/{rel}","templated":true}]}}