{"id":7157,"date":"2026-02-06T10:45:58","date_gmt":"2026-02-06T10:45:58","guid":{"rendered":"https:\/\/www.xhockware.com:443\/product\/table-top-integrated-printer\/"},"modified":"2026-04-09T11:43:22","modified_gmt":"2026-04-09T11:43:22","slug":"table-top-integrated-printer","status":"publish","type":"product","link":"https:\/\/www.xhockware.com:443\/fr\/produit\/table-top-integrated-printer\/","title":{"rendered":"Table Top Integrated Printer"},"content":{"rendered":"<p><img fetchpriority=\"high\" decoding=\"async\" class=\"alignnone size-medium wp-image-5461\" src=\"https:\/\/www.xhockware.com:443\/wp-content\/uploads\/2026\/02\/tabletop_integratedprinter-300x300.png\" alt=\"\" width=\"300\" height=\"300\" srcset=\"https:\/\/www.xhockware.com:443\/wp-content\/uploads\/2026\/02\/tabletop_integratedprinter-300x300.png 300w, https:\/\/www.xhockware.com:443\/wp-content\/uploads\/2026\/02\/tabletop_integratedprinter-150x150.png 150w, https:\/\/www.xhockware.com:443\/wp-content\/uploads\/2026\/02\/tabletop_integratedprinter-32x32.png 32w, https:\/\/www.xhockware.com:443\/wp-content\/uploads\/2026\/02\/tabletop_integratedprinter-100x100.png 100w, https:\/\/www.xhockware.com:443\/wp-content\/uploads\/2026\/02\/tabletop_integratedprinter.png 522w\" sizes=\"(max-width: 300px) 100vw, 300px\" \/><\/p>\n","protected":false},"excerpt":{"rendered":"<p>Issue de la gamme SLIM, cette gamme allie un encombrement r\u00e9duit et une construction robuste \u00e0 des capacit\u00e9s technologiques compl\u00e8tes, sans aucun compromis. Elle peut \u00eatre \u00e9quip\u00e9e d&rsquo;une plate-forme de pes\u00e9e s\u00e9curis\u00e9e, \u00e9galement install\u00e9e sur table, afin d&rsquo;offrir les m\u00eames fonctionnalit\u00e9s que ses mod\u00e8les plus grands. Disponible en versions de table, sur pied ou murale, elle s&rsquo;adapte facilement au mobilier existant et constitue une solution performante pour les espaces restreints.  <\/p>\n","protected":false},"featured_media":6972,"comment_status":"open","ping_status":"closed","template":"","meta":[],"product_brand":[],"product_cat":[165],"product_tag":[],"class_list":{"0":"post-7157","1":"product","2":"type-product","3":"status-publish","4":"has-post-thumbnail","6":"product_cat-table-top","8":"first","9":"instock","10":"shipping-taxable","11":"purchasable","12":"product-type-simple"},"yoast_head":"<!-- This site is optimized with the Yoast SEO plugin v27.4 - https:\/\/yoast.com\/product\/yoast-seo-wordpress\/ -->\n<title>Table Top Integrated Printer - Xhockware<\/title>\n<meta name=\"robots\" content=\"index, follow, max-snippet:-1, max-image-preview:large, max-video-preview:-1\" \/>\n<link rel=\"canonical\" href=\"https:\/\/www.xhockware.com:443\/fr\/product\/table-top-integrated-printer\/\" \/>\n<meta property=\"og:locale\" content=\"fr_FR\" \/>\n<meta property=\"og:type\" content=\"article\" \/>\n<meta property=\"og:title\" content=\"Table Top Integrated Printer - Xhockware\" \/>\n<meta property=\"og:description\" content=\"Issue de la gamme SLIM, cette gamme allie un encombrement r\u00e9duit et une construction robuste \u00e0 des capacit\u00e9s technologiques compl\u00e8tes, sans aucun compromis. Elle peut \u00eatre \u00e9quip\u00e9e d&#039;une plate-forme de pes\u00e9e s\u00e9curis\u00e9e, \u00e9galement install\u00e9e sur table, afin d&#039;offrir les m\u00eames fonctionnalit\u00e9s que ses mod\u00e8les plus grands. Disponible en versions de table, sur pied ou murale, elle s&#039;adapte facilement au mobilier existant et constitue une solution performante pour les espaces restreints.\" \/>\n<meta property=\"og:url\" content=\"https:\/\/www.xhockware.com:443\/fr\/product\/table-top-integrated-printer\/\" \/>\n<meta property=\"og:site_name\" content=\"Xhockware\" \/>\n<meta property=\"article:publisher\" content=\"https:\/\/www.facebook.com\/xhockware\" \/>\n<meta property=\"article:modified_time\" content=\"2026-04-09T11:43:22+00:00\" \/>\n<meta property=\"og:image\" content=\"https:\/\/www.xhockware.com:443\/wp-content\/uploads\/2026\/02\/tabletop_integratedprinter.png\" \/>\n\t<meta property=\"og:image:width\" content=\"522\" \/>\n\t<meta property=\"og:image:height\" content=\"521\" \/>\n\t<meta property=\"og:image:type\" content=\"image\/png\" \/>\n<meta name=\"twitter:card\" content=\"summary_large_image\" \/>\n<meta name=\"twitter:site\" content=\"@xhockware\" \/>\n<script type=\"application\/ld+json\" class=\"yoast-schema-graph\">{\"@context\":\"https:\\\/\\\/schema.org\",\"@graph\":[{\"@type\":\"WebPage\",\"@id\":\"https:\\\/\\\/www.xhockware.com:443\\\/fr\\\/product\\\/table-top-integrated-printer\\\/\",\"url\":\"https:\\\/\\\/www.xhockware.com:443\\\/fr\\\/product\\\/table-top-integrated-printer\\\/\",\"name\":\"Table Top Integrated Printer - Xhockware\",\"isPartOf\":{\"@id\":\"https:\\\/\\\/www.xhockware.com:443\\\/#website\"},\"primaryImageOfPage\":{\"@id\":\"https:\\\/\\\/www.xhockware.com:443\\\/fr\\\/product\\\/table-top-integrated-printer\\\/#primaryimage\"},\"image\":{\"@id\":\"https:\\\/\\\/www.xhockware.com:443\\\/fr\\\/product\\\/table-top-integrated-printer\\\/#primaryimage\"},\"thumbnailUrl\":\"https:\\\/\\\/www.xhockware.com:443\\\/wp-content\\\/uploads\\\/2026\\\/02\\\/tabletop_integratedprinter.png\",\"datePublished\":\"2026-02-06T10:45:58+00:00\",\"dateModified\":\"2026-04-09T11:43:22+00:00\",\"breadcrumb\":{\"@id\":\"https:\\\/\\\/www.xhockware.com:443\\\/fr\\\/product\\\/table-top-integrated-printer\\\/#breadcrumb\"},\"inLanguage\":\"fr-FR\",\"potentialAction\":[{\"@type\":\"ReadAction\",\"target\":[\"https:\\\/\\\/www.xhockware.com:443\\\/fr\\\/product\\\/table-top-integrated-printer\\\/\"]}]},{\"@type\":\"ImageObject\",\"inLanguage\":\"fr-FR\",\"@id\":\"https:\\\/\\\/www.xhockware.com:443\\\/fr\\\/product\\\/table-top-integrated-printer\\\/#primaryimage\",\"url\":\"https:\\\/\\\/www.xhockware.com:443\\\/wp-content\\\/uploads\\\/2026\\\/02\\\/tabletop_integratedprinter.png\",\"contentUrl\":\"https:\\\/\\\/www.xhockware.com:443\\\/wp-content\\\/uploads\\\/2026\\\/02\\\/tabletop_integratedprinter.png\",\"width\":522,\"height\":521},{\"@type\":\"BreadcrumbList\",\"@id\":\"https:\\\/\\\/www.xhockware.com:443\\\/fr\\\/product\\\/table-top-integrated-printer\\\/#breadcrumb\",\"itemListElement\":[{\"@type\":\"ListItem\",\"position\":1,\"name\":\"Home\",\"item\":\"https:\\\/\\\/www.xhockware.com:443\\\/fr\\\/accueil\\\/\"},{\"@type\":\"ListItem\",\"position\":2,\"name\":\"Table Top Integrated Printer\"}]},{\"@type\":\"WebSite\",\"@id\":\"https:\\\/\\\/www.xhockware.com:443\\\/#website\",\"url\":\"https:\\\/\\\/www.xhockware.com:443\\\/\",\"name\":\"Xhockware\",\"description\":\"Xhockware is a Retail tech company focused on creating innovative retail solutions\",\"publisher\":{\"@id\":\"https:\\\/\\\/www.xhockware.com:443\\\/#organization\"},\"potentialAction\":[{\"@type\":\"SearchAction\",\"target\":{\"@type\":\"EntryPoint\",\"urlTemplate\":\"https:\\\/\\\/www.xhockware.com:443\\\/?s={search_term_string}\"},\"query-input\":{\"@type\":\"PropertyValueSpecification\",\"valueRequired\":true,\"valueName\":\"search_term_string\"}}],\"inLanguage\":\"fr-FR\"},{\"@type\":\"Organization\",\"@id\":\"https:\\\/\\\/www.xhockware.com:443\\\/#organization\",\"name\":\"Xhockware\",\"url\":\"https:\\\/\\\/www.xhockware.com:443\\\/\",\"logo\":{\"@type\":\"ImageObject\",\"inLanguage\":\"fr-FR\",\"@id\":\"https:\\\/\\\/www.xhockware.com:443\\\/#\\\/schema\\\/logo\\\/image\\\/\",\"url\":\"https:\\\/\\\/www.xhockware.com:443\\\/wp-content\\\/uploads\\\/2024\\\/12\\\/xhockware_logo.png\",\"contentUrl\":\"https:\\\/\\\/www.xhockware.com:443\\\/wp-content\\\/uploads\\\/2024\\\/12\\\/xhockware_logo.png\",\"width\":1079,\"height\":205,\"caption\":\"Xhockware\"},\"image\":{\"@id\":\"https:\\\/\\\/www.xhockware.com:443\\\/#\\\/schema\\\/logo\\\/image\\\/\"},\"sameAs\":[\"https:\\\/\\\/www.facebook.com\\\/xhockware\",\"https:\\\/\\\/x.com\\\/xhockware\",\"https:\\\/\\\/www.linkedin.com\\\/company\\\/xhockw\",\"https:\\\/\\\/www.instagram.com\\\/xhockware\\\/\"]}]}<\/script>\n<!-- \/ Yoast SEO plugin. -->","yoast_head_json":{"title":"Table Top Integrated Printer - Xhockware","robots":{"index":"index","follow":"follow","max-snippet":"max-snippet:-1","max-image-preview":"max-image-preview:large","max-video-preview":"max-video-preview:-1"},"canonical":"https:\/\/www.xhockware.com:443\/fr\/product\/table-top-integrated-printer\/","og_locale":"fr_FR","og_type":"article","og_title":"Table Top Integrated Printer - Xhockware","og_description":"Issue de la gamme SLIM, cette gamme allie un encombrement r\u00e9duit et une construction robuste \u00e0 des capacit\u00e9s technologiques compl\u00e8tes, sans aucun compromis. Elle peut \u00eatre \u00e9quip\u00e9e d'une plate-forme de pes\u00e9e s\u00e9curis\u00e9e, \u00e9galement install\u00e9e sur table, afin d'offrir les m\u00eames fonctionnalit\u00e9s que ses mod\u00e8les plus grands. Disponible en versions de table, sur pied ou murale, elle s'adapte facilement au mobilier existant et constitue une solution performante pour les espaces restreints.","og_url":"https:\/\/www.xhockware.com:443\/fr\/product\/table-top-integrated-printer\/","og_site_name":"Xhockware","article_publisher":"https:\/\/www.facebook.com\/xhockware","article_modified_time":"2026-04-09T11:43:22+00:00","og_image":[{"width":522,"height":521,"url":"https:\/\/www.xhockware.com:443\/wp-content\/uploads\/2026\/02\/tabletop_integratedprinter.png","type":"image\/png"}],"twitter_card":"summary_large_image","twitter_site":"@xhockware","schema":{"@context":"https:\/\/schema.org","@graph":[{"@type":"WebPage","@id":"https:\/\/www.xhockware.com:443\/fr\/product\/table-top-integrated-printer\/","url":"https:\/\/www.xhockware.com:443\/fr\/product\/table-top-integrated-printer\/","name":"Table Top Integrated Printer - Xhockware","isPartOf":{"@id":"https:\/\/www.xhockware.com:443\/#website"},"primaryImageOfPage":{"@id":"https:\/\/www.xhockware.com:443\/fr\/product\/table-top-integrated-printer\/#primaryimage"},"image":{"@id":"https:\/\/www.xhockware.com:443\/fr\/product\/table-top-integrated-printer\/#primaryimage"},"thumbnailUrl":"https:\/\/www.xhockware.com:443\/wp-content\/uploads\/2026\/02\/tabletop_integratedprinter.png","datePublished":"2026-02-06T10:45:58+00:00","dateModified":"2026-04-09T11:43:22+00:00","breadcrumb":{"@id":"https:\/\/www.xhockware.com:443\/fr\/product\/table-top-integrated-printer\/#breadcrumb"},"inLanguage":"fr-FR","potentialAction":[{"@type":"ReadAction","target":["https:\/\/www.xhockware.com:443\/fr\/product\/table-top-integrated-printer\/"]}]},{"@type":"ImageObject","inLanguage":"fr-FR","@id":"https:\/\/www.xhockware.com:443\/fr\/product\/table-top-integrated-printer\/#primaryimage","url":"https:\/\/www.xhockware.com:443\/wp-content\/uploads\/2026\/02\/tabletop_integratedprinter.png","contentUrl":"https:\/\/www.xhockware.com:443\/wp-content\/uploads\/2026\/02\/tabletop_integratedprinter.png","width":522,"height":521},{"@type":"BreadcrumbList","@id":"https:\/\/www.xhockware.com:443\/fr\/product\/table-top-integrated-printer\/#breadcrumb","itemListElement":[{"@type":"ListItem","position":1,"name":"Home","item":"https:\/\/www.xhockware.com:443\/fr\/accueil\/"},{"@type":"ListItem","position":2,"name":"Table Top Integrated Printer"}]},{"@type":"WebSite","@id":"https:\/\/www.xhockware.com:443\/#website","url":"https:\/\/www.xhockware.com:443\/","name":"Xhockware","description":"Xhockware is a Retail tech company focused on creating innovative retail solutions","publisher":{"@id":"https:\/\/www.xhockware.com:443\/#organization"},"potentialAction":[{"@type":"SearchAction","target":{"@type":"EntryPoint","urlTemplate":"https:\/\/www.xhockware.com:443\/?s={search_term_string}"},"query-input":{"@type":"PropertyValueSpecification","valueRequired":true,"valueName":"search_term_string"}}],"inLanguage":"fr-FR"},{"@type":"Organization","@id":"https:\/\/www.xhockware.com:443\/#organization","name":"Xhockware","url":"https:\/\/www.xhockware.com:443\/","logo":{"@type":"ImageObject","inLanguage":"fr-FR","@id":"https:\/\/www.xhockware.com:443\/#\/schema\/logo\/image\/","url":"https:\/\/www.xhockware.com:443\/wp-content\/uploads\/2024\/12\/xhockware_logo.png","contentUrl":"https:\/\/www.xhockware.com:443\/wp-content\/uploads\/2024\/12\/xhockware_logo.png","width":1079,"height":205,"caption":"Xhockware"},"image":{"@id":"https:\/\/www.xhockware.com:443\/#\/schema\/logo\/image\/"},"sameAs":["https:\/\/www.facebook.com\/xhockware","https:\/\/x.com\/xhockware","https:\/\/www.linkedin.com\/company\/xhockw","https:\/\/www.instagram.com\/xhockware\/"]}]}},"jetpack_sharing_enabled":true,"_links":{"self":[{"href":"https:\/\/www.xhockware.com:443\/fr\/wp-json\/wp\/v2\/product\/7157","targetHints":{"allow":["GET"]}}],"collection":[{"href":"https:\/\/www.xhockware.com:443\/fr\/wp-json\/wp\/v2\/product"}],"about":[{"href":"https:\/\/www.xhockware.com:443\/fr\/wp-json\/wp\/v2\/types\/product"}],"replies":[{"embeddable":true,"href":"https:\/\/www.xhockware.com:443\/fr\/wp-json\/wp\/v2\/comments?post=7157"}],"wp:featuredmedia":[{"embeddable":true,"href":"https:\/\/www.xhockware.com:443\/fr\/wp-json\/wp\/v2\/media\/6972"}],"wp:attachment":[{"href":"https:\/\/www.xhockware.com:443\/fr\/wp-json\/wp\/v2\/media?parent=7157"}],"wp:term":[{"taxonomy":"product_brand","embeddable":true,"href":"https:\/\/www.xhockware.com:443\/fr\/wp-json\/wp\/v2\/product_brand?post=7157"},{"taxonomy":"product_cat","embeddable":true,"href":"https:\/\/www.xhockware.com:443\/fr\/wp-json\/wp\/v2\/product_cat?post=7157"},{"taxonomy":"product_tag","embeddable":true,"href":"https:\/\/www.xhockware.com:443\/fr\/wp-json\/wp\/v2\/product_tag?post=7157"}],"curies":[{"name":"wp","href":"https:\/\/api.w.org\/{rel}","templated":true}]}}