{"id":7405,"date":"2026-04-29T15:41:36","date_gmt":"2026-04-29T15:41:36","guid":{"rendered":"https:\/\/www.xhockware.com:443\/product\/cashbox-gold-2\/"},"modified":"2026-04-29T15:43:10","modified_gmt":"2026-04-29T15:43:10","slug":"cashbox-gold-2","status":"publish","type":"product","link":"https:\/\/www.xhockware.com:443\/fr\/produit\/cashbox-gold-2\/","title":{"rendered":"Cashbox Gold"},"content":{"rendered":"<p>Capacit\u00e9 de stockage \u2248 1 300 pi\u00e8ces (m\u00e9lange d&rsquo;euros)<br \/>\nD\u00e9nominations recycl\u00e9es : 4<br \/>\nCapacit\u00e9 des cassettes de recyclage : 4 x 60<br \/>\nCapacit\u00e9 maximale d&#8217;empilage : 600 pi\u00e8ces dans la cassette de r\u00e9ception<br \/>\nCassette de r\u00e9approvisionnement : 400 billets<\/p>\n","protected":false},"excerpt":{"rendered":"<p><strong>Solution d&rsquo;automatisation de la gestion des esp\u00e8ces haute performance pour les grandes enseignes de distribution.<\/strong><\/p>\n<p>Optimise les flux de tr\u00e9sorerie gr\u00e2ce \u00e0 un syst\u00e8me de recyclage avanc\u00e9<br \/>\nR\u00e9duit les manipulations manuelles et les co\u00fbts d&rsquo;exploitation<br \/>\nEnti\u00e8rement connect\u00e9e en r\u00e9seau pour un contr\u00f4le centralis\u00e9<br \/>\nPrend en charge de multiples int\u00e9grations POS et SCO<\/p>\n","protected":false},"featured_media":6981,"comment_status":"open","ping_status":"closed","template":"","meta":[],"product_brand":[],"product_cat":[153],"product_tag":[],"class_list":{"0":"post-7405","1":"product","2":"type-product","3":"status-publish","4":"has-post-thumbnail","6":"product_cat-cashbox","8":"first","9":"instock","10":"shipping-taxable","11":"purchasable","12":"product-type-simple"},"yoast_head":"<!-- This site is optimized with the Yoast SEO plugin v27.4 - https:\/\/yoast.com\/product\/yoast-seo-wordpress\/ -->\n<title>Cashbox Gold - Xhockware<\/title>\n<meta name=\"robots\" content=\"index, follow, max-snippet:-1, max-image-preview:large, max-video-preview:-1\" \/>\n<link rel=\"canonical\" href=\"https:\/\/www.xhockware.com:443\/fr\/product\/cashbox-gold-2\/\" \/>\n<meta property=\"og:locale\" content=\"fr_FR\" \/>\n<meta property=\"og:type\" content=\"article\" \/>\n<meta property=\"og:title\" content=\"Cashbox Gold - Xhockware\" \/>\n<meta property=\"og:description\" content=\"Solution d&#039;automatisation de la gestion des esp\u00e8ces haute performance pour les grandes enseignes de distribution. Optimise les flux de tr\u00e9sorerie gr\u00e2ce \u00e0 un syst\u00e8me de recyclage avanc\u00e9 R\u00e9duit les manipulations manuelles et les co\u00fbts d&#039;exploitation Enti\u00e8rement connect\u00e9e en r\u00e9seau pour un contr\u00f4le centralis\u00e9 Prend en charge de multiples int\u00e9grations POS et SCO\" \/>\n<meta property=\"og:url\" content=\"https:\/\/www.xhockware.com:443\/fr\/product\/cashbox-gold-2\/\" \/>\n<meta property=\"og:site_name\" content=\"Xhockware\" \/>\n<meta property=\"article:publisher\" content=\"https:\/\/www.facebook.com\/xhockware\" \/>\n<meta property=\"article:modified_time\" content=\"2026-04-29T15:43:10+00:00\" \/>\n<meta property=\"og:image\" content=\"https:\/\/www.xhockware.com:443\/wp-content\/uploads\/2026\/02\/cashbox-1.png\" \/>\n\t<meta property=\"og:image:width\" content=\"522\" \/>\n\t<meta property=\"og:image:height\" content=\"522\" \/>\n\t<meta property=\"og:image:type\" content=\"image\/png\" \/>\n<meta name=\"twitter:card\" content=\"summary_large_image\" \/>\n<meta name=\"twitter:site\" content=\"@xhockware\" \/>\n<script type=\"application\/ld+json\" class=\"yoast-schema-graph\">{\"@context\":\"https:\\\/\\\/schema.org\",\"@graph\":[{\"@type\":\"WebPage\",\"@id\":\"https:\\\/\\\/www.xhockware.com:443\\\/fr\\\/product\\\/cashbox-gold-2\\\/\",\"url\":\"https:\\\/\\\/www.xhockware.com:443\\\/fr\\\/product\\\/cashbox-gold-2\\\/\",\"name\":\"Cashbox Gold - Xhockware\",\"isPartOf\":{\"@id\":\"https:\\\/\\\/www.xhockware.com:443\\\/#website\"},\"primaryImageOfPage\":{\"@id\":\"https:\\\/\\\/www.xhockware.com:443\\\/fr\\\/product\\\/cashbox-gold-2\\\/#primaryimage\"},\"image\":{\"@id\":\"https:\\\/\\\/www.xhockware.com:443\\\/fr\\\/product\\\/cashbox-gold-2\\\/#primaryimage\"},\"thumbnailUrl\":\"https:\\\/\\\/www.xhockware.com:443\\\/wp-content\\\/uploads\\\/2026\\\/02\\\/cashbox-1.png\",\"datePublished\":\"2026-04-29T15:41:36+00:00\",\"dateModified\":\"2026-04-29T15:43:10+00:00\",\"breadcrumb\":{\"@id\":\"https:\\\/\\\/www.xhockware.com:443\\\/fr\\\/product\\\/cashbox-gold-2\\\/#breadcrumb\"},\"inLanguage\":\"fr-FR\",\"potentialAction\":[{\"@type\":\"ReadAction\",\"target\":[\"https:\\\/\\\/www.xhockware.com:443\\\/fr\\\/product\\\/cashbox-gold-2\\\/\"]}]},{\"@type\":\"ImageObject\",\"inLanguage\":\"fr-FR\",\"@id\":\"https:\\\/\\\/www.xhockware.com:443\\\/fr\\\/product\\\/cashbox-gold-2\\\/#primaryimage\",\"url\":\"https:\\\/\\\/www.xhockware.com:443\\\/wp-content\\\/uploads\\\/2026\\\/02\\\/cashbox-1.png\",\"contentUrl\":\"https:\\\/\\\/www.xhockware.com:443\\\/wp-content\\\/uploads\\\/2026\\\/02\\\/cashbox-1.png\",\"width\":522,\"height\":522},{\"@type\":\"BreadcrumbList\",\"@id\":\"https:\\\/\\\/www.xhockware.com:443\\\/fr\\\/product\\\/cashbox-gold-2\\\/#breadcrumb\",\"itemListElement\":[{\"@type\":\"ListItem\",\"position\":1,\"name\":\"Home\",\"item\":\"https:\\\/\\\/www.xhockware.com:443\\\/fr\\\/accueil\\\/\"},{\"@type\":\"ListItem\",\"position\":2,\"name\":\"Cashbox Gold\"}]},{\"@type\":\"WebSite\",\"@id\":\"https:\\\/\\\/www.xhockware.com:443\\\/#website\",\"url\":\"https:\\\/\\\/www.xhockware.com:443\\\/\",\"name\":\"Xhockware\",\"description\":\"Xhockware is a Retail tech company focused on creating innovative retail solutions\",\"publisher\":{\"@id\":\"https:\\\/\\\/www.xhockware.com:443\\\/#organization\"},\"potentialAction\":[{\"@type\":\"SearchAction\",\"target\":{\"@type\":\"EntryPoint\",\"urlTemplate\":\"https:\\\/\\\/www.xhockware.com:443\\\/?s={search_term_string}\"},\"query-input\":{\"@type\":\"PropertyValueSpecification\",\"valueRequired\":true,\"valueName\":\"search_term_string\"}}],\"inLanguage\":\"fr-FR\"},{\"@type\":\"Organization\",\"@id\":\"https:\\\/\\\/www.xhockware.com:443\\\/#organization\",\"name\":\"Xhockware\",\"url\":\"https:\\\/\\\/www.xhockware.com:443\\\/\",\"logo\":{\"@type\":\"ImageObject\",\"inLanguage\":\"fr-FR\",\"@id\":\"https:\\\/\\\/www.xhockware.com:443\\\/#\\\/schema\\\/logo\\\/image\\\/\",\"url\":\"https:\\\/\\\/www.xhockware.com:443\\\/wp-content\\\/uploads\\\/2024\\\/12\\\/xhockware_logo.png\",\"contentUrl\":\"https:\\\/\\\/www.xhockware.com:443\\\/wp-content\\\/uploads\\\/2024\\\/12\\\/xhockware_logo.png\",\"width\":1079,\"height\":205,\"caption\":\"Xhockware\"},\"image\":{\"@id\":\"https:\\\/\\\/www.xhockware.com:443\\\/#\\\/schema\\\/logo\\\/image\\\/\"},\"sameAs\":[\"https:\\\/\\\/www.facebook.com\\\/xhockware\",\"https:\\\/\\\/x.com\\\/xhockware\",\"https:\\\/\\\/www.linkedin.com\\\/company\\\/xhockw\",\"https:\\\/\\\/www.instagram.com\\\/xhockware\\\/\"]}]}<\/script>\n<!-- \/ Yoast SEO plugin. -->","yoast_head_json":{"title":"Cashbox Gold - Xhockware","robots":{"index":"index","follow":"follow","max-snippet":"max-snippet:-1","max-image-preview":"max-image-preview:large","max-video-preview":"max-video-preview:-1"},"canonical":"https:\/\/www.xhockware.com:443\/fr\/product\/cashbox-gold-2\/","og_locale":"fr_FR","og_type":"article","og_title":"Cashbox Gold - Xhockware","og_description":"Solution d'automatisation de la gestion des esp\u00e8ces haute performance pour les grandes enseignes de distribution. Optimise les flux de tr\u00e9sorerie gr\u00e2ce \u00e0 un syst\u00e8me de recyclage avanc\u00e9 R\u00e9duit les manipulations manuelles et les co\u00fbts d'exploitation Enti\u00e8rement connect\u00e9e en r\u00e9seau pour un contr\u00f4le centralis\u00e9 Prend en charge de multiples int\u00e9grations POS et SCO","og_url":"https:\/\/www.xhockware.com:443\/fr\/product\/cashbox-gold-2\/","og_site_name":"Xhockware","article_publisher":"https:\/\/www.facebook.com\/xhockware","article_modified_time":"2026-04-29T15:43:10+00:00","og_image":[{"width":522,"height":522,"url":"https:\/\/www.xhockware.com:443\/wp-content\/uploads\/2026\/02\/cashbox-1.png","type":"image\/png"}],"twitter_card":"summary_large_image","twitter_site":"@xhockware","schema":{"@context":"https:\/\/schema.org","@graph":[{"@type":"WebPage","@id":"https:\/\/www.xhockware.com:443\/fr\/product\/cashbox-gold-2\/","url":"https:\/\/www.xhockware.com:443\/fr\/product\/cashbox-gold-2\/","name":"Cashbox Gold - Xhockware","isPartOf":{"@id":"https:\/\/www.xhockware.com:443\/#website"},"primaryImageOfPage":{"@id":"https:\/\/www.xhockware.com:443\/fr\/product\/cashbox-gold-2\/#primaryimage"},"image":{"@id":"https:\/\/www.xhockware.com:443\/fr\/product\/cashbox-gold-2\/#primaryimage"},"thumbnailUrl":"https:\/\/www.xhockware.com:443\/wp-content\/uploads\/2026\/02\/cashbox-1.png","datePublished":"2026-04-29T15:41:36+00:00","dateModified":"2026-04-29T15:43:10+00:00","breadcrumb":{"@id":"https:\/\/www.xhockware.com:443\/fr\/product\/cashbox-gold-2\/#breadcrumb"},"inLanguage":"fr-FR","potentialAction":[{"@type":"ReadAction","target":["https:\/\/www.xhockware.com:443\/fr\/product\/cashbox-gold-2\/"]}]},{"@type":"ImageObject","inLanguage":"fr-FR","@id":"https:\/\/www.xhockware.com:443\/fr\/product\/cashbox-gold-2\/#primaryimage","url":"https:\/\/www.xhockware.com:443\/wp-content\/uploads\/2026\/02\/cashbox-1.png","contentUrl":"https:\/\/www.xhockware.com:443\/wp-content\/uploads\/2026\/02\/cashbox-1.png","width":522,"height":522},{"@type":"BreadcrumbList","@id":"https:\/\/www.xhockware.com:443\/fr\/product\/cashbox-gold-2\/#breadcrumb","itemListElement":[{"@type":"ListItem","position":1,"name":"Home","item":"https:\/\/www.xhockware.com:443\/fr\/accueil\/"},{"@type":"ListItem","position":2,"name":"Cashbox Gold"}]},{"@type":"WebSite","@id":"https:\/\/www.xhockware.com:443\/#website","url":"https:\/\/www.xhockware.com:443\/","name":"Xhockware","description":"Xhockware is a Retail tech company focused on creating innovative retail solutions","publisher":{"@id":"https:\/\/www.xhockware.com:443\/#organization"},"potentialAction":[{"@type":"SearchAction","target":{"@type":"EntryPoint","urlTemplate":"https:\/\/www.xhockware.com:443\/?s={search_term_string}"},"query-input":{"@type":"PropertyValueSpecification","valueRequired":true,"valueName":"search_term_string"}}],"inLanguage":"fr-FR"},{"@type":"Organization","@id":"https:\/\/www.xhockware.com:443\/#organization","name":"Xhockware","url":"https:\/\/www.xhockware.com:443\/","logo":{"@type":"ImageObject","inLanguage":"fr-FR","@id":"https:\/\/www.xhockware.com:443\/#\/schema\/logo\/image\/","url":"https:\/\/www.xhockware.com:443\/wp-content\/uploads\/2024\/12\/xhockware_logo.png","contentUrl":"https:\/\/www.xhockware.com:443\/wp-content\/uploads\/2024\/12\/xhockware_logo.png","width":1079,"height":205,"caption":"Xhockware"},"image":{"@id":"https:\/\/www.xhockware.com:443\/#\/schema\/logo\/image\/"},"sameAs":["https:\/\/www.facebook.com\/xhockware","https:\/\/x.com\/xhockware","https:\/\/www.linkedin.com\/company\/xhockw","https:\/\/www.instagram.com\/xhockware\/"]}]}},"jetpack_sharing_enabled":true,"_links":{"self":[{"href":"https:\/\/www.xhockware.com:443\/fr\/wp-json\/wp\/v2\/product\/7405","targetHints":{"allow":["GET"]}}],"collection":[{"href":"https:\/\/www.xhockware.com:443\/fr\/wp-json\/wp\/v2\/product"}],"about":[{"href":"https:\/\/www.xhockware.com:443\/fr\/wp-json\/wp\/v2\/types\/product"}],"replies":[{"embeddable":true,"href":"https:\/\/www.xhockware.com:443\/fr\/wp-json\/wp\/v2\/comments?post=7405"}],"wp:featuredmedia":[{"embeddable":true,"href":"https:\/\/www.xhockware.com:443\/fr\/wp-json\/wp\/v2\/media\/6981"}],"wp:attachment":[{"href":"https:\/\/www.xhockware.com:443\/fr\/wp-json\/wp\/v2\/media?parent=7405"}],"wp:term":[{"taxonomy":"product_brand","embeddable":true,"href":"https:\/\/www.xhockware.com:443\/fr\/wp-json\/wp\/v2\/product_brand?post=7405"},{"taxonomy":"product_cat","embeddable":true,"href":"https:\/\/www.xhockware.com:443\/fr\/wp-json\/wp\/v2\/product_cat?post=7405"},{"taxonomy":"product_tag","embeddable":true,"href":"https:\/\/www.xhockware.com:443\/fr\/wp-json\/wp\/v2\/product_tag?post=7405"}],"curies":[{"name":"wp","href":"https:\/\/api.w.org\/{rel}","templated":true}]}}