{"id":7106,"date":"2026-04-08T09:31:32","date_gmt":"2026-04-08T09:31:32","guid":{"rendered":"https:\/\/www.xhockware.com:443\/shoppster\/"},"modified":"2026-04-08T09:31:37","modified_gmt":"2026-04-08T09:31:37","slug":"shoppster","status":"publish","type":"page","link":"https:\/\/www.xhockware.com:443\/it\/shoppster\/","title":{"rendered":"Shoppster"},"content":{"rendered":"\t\t<div data-elementor-type=\"wp-page\" data-elementor-id=\"7106\" class=\"elementor elementor-7106 elementor-402\" data-elementor-settings=\"{&quot;ha_cmc_init_switcher&quot;:&quot;no&quot;}\">\n\t\t\t\t\t\t<section class=\"elementor-section elementor-top-section elementor-element elementor-element-66f472b elementor-section-height-min-height elementor-section-items-top elementor-section-content-top elementor-section-boxed elementor-section-height-default\" data-id=\"66f472b\" data-element_type=\"section\" data-e-type=\"section\" data-settings=\"{&quot;_ha_eqh_enable&quot;:false}\">\n\t\t\t\t\t\t<div class=\"elementor-container elementor-column-gap-no\">\n\t\t\t\t\t<div class=\"elementor-column elementor-col-50 elementor-top-column elementor-element elementor-element-89e090d\" data-id=\"89e090d\" data-element_type=\"column\" data-e-type=\"column\">\n\t\t\t<div class=\"elementor-widget-wrap elementor-element-populated\">\n\t\t\t\t\t\t<div class=\"elementor-element elementor-element-7976072 elementor-widget elementor-widget-heading\" data-id=\"7976072\" data-element_type=\"widget\" data-e-type=\"widget\" data-widget_type=\"heading.default\">\n\t\t\t\t<div class=\"elementor-widget-container\">\n\t\t\t\t\t<h1 class=\"elementor-heading-title elementor-size-default\">Perch\u00e9 ogni cliente \u00e8<br>importante.<\/h1>\t\t\t\t<\/div>\n\t\t\t\t<\/div>\n\t\t\t\t<div class=\"elementor-element elementor-element-bd58829 elementor-widget elementor-widget-text-editor\" data-id=\"bd58829\" data-element_type=\"widget\" data-e-type=\"widget\" data-widget_type=\"text-editor.default\">\n\t\t\t\t<div class=\"elementor-widget-container\">\n\t\t\t\t\t\t\t\t\t<p>Shoppster \u00e8 una soluzione di personalizzazione che offre promozioni, coupon e messaggi mirati per soddisfare le aspettative dei tuoi clienti.<\/p>\t\t\t\t\t\t\t\t<\/div>\n\t\t\t\t<\/div>\n\t\t\t\t<div class=\"elementor-element elementor-element-65b5c9e elementor-align-left elementor-mobile-align-center elementor-widget elementor-widget-button\" data-id=\"65b5c9e\" data-element_type=\"widget\" data-e-type=\"widget\" data-widget_type=\"button.default\">\n\t\t\t\t<div class=\"elementor-widget-container\">\n\t\t\t\t\t\t\t\t\t<div class=\"elementor-button-wrapper\">\n\t\t\t\t\t<a class=\"elementor-button elementor-button-link elementor-size-md\" href=\"https:\/\/www.xhockware.com:443\/shoppster\/\">\n\t\t\t\t\t\t<span class=\"elementor-button-content-wrapper\">\n\t\t\t\t\t\t\t\t\t<span class=\"elementor-button-text\">Scopri di pi\u00f9 su <b>Shoppster<\/b><\/span>\n\t\t\t\t\t<\/span>\n\t\t\t\t\t<\/a>\n\t\t\t\t<\/div>\n\t\t\t\t\t\t\t\t<\/div>\n\t\t\t\t<\/div>\n\t\t\t\t\t<\/div>\n\t\t<\/div>\n\t\t\t\t<div class=\"elementor-column elementor-col-50 elementor-top-column elementor-element elementor-element-f76fc8c\" data-id=\"f76fc8c\" data-element_type=\"column\" data-e-type=\"column\" data-settings=\"{&quot;background_background&quot;:&quot;classic&quot;}\">\n\t\t\t<div class=\"elementor-widget-wrap elementor-element-populated\">\n\t\t\t\t\t\t<div class=\"elementor-element elementor-element-80334df elementor-view-default elementor-widget elementor-widget-icon\" data-id=\"80334df\" data-element_type=\"widget\" data-e-type=\"widget\" data-widget_type=\"icon.default\">\n\t\t\t\t<div class=\"elementor-widget-container\">\n\t\t\t\t\t\t\t<div class=\"elementor-icon-wrapper\">\n\t\t\t<div class=\"elementor-icon\">\n\t\t\t<svg xmlns=\"http:\/\/www.w3.org\/2000\/svg\" xmlns:xlink=\"http:\/\/www.w3.org\/1999\/xlink\" xmlns:serif=\"http:\/\/www.serif.com\/\" width=\"100%\" height=\"100%\" viewBox=\"0 0 1198 242\" xml:space=\"preserve\" style=\"fill-rule:evenodd;clip-rule:evenodd;stroke-miterlimit:10;\"><g id=\"prefix__Group_65\"><g id=\"prefix__Group_18\"><path id=\"prefix__Path_28\" d=\"M87.504,71.925l-10.617,10.975c-8.833,-8.572 -17.469,-12.86 -25.908,-12.862c-5.109,-0.098 -10.059,1.808 -13.783,5.308c-3.621,3.097 -5.717,7.623 -5.738,12.387c0.093,4.411 1.773,8.643 4.729,11.917c5.741,5.692 12.473,10.29 19.863,13.567c12.297,6.369 20.653,12.504 25.067,18.404c4.289,5.845 6.57,12.925 6.5,20.175c0.189,10.08 -3.841,19.795 -11.109,26.783c-7.362,7.297 -17.404,11.265 -27.766,10.971c-7.337,0.011 -14.582,-1.641 -21.188,-4.833c-6.543,-3.07 -12.272,-7.638 -16.721,-13.334l10.384,-11.8c8.436,9.517 17.384,14.275 26.846,14.275c6.245,0.143 12.309,-2.142 16.908,-6.37c4.414,-3.73 6.969,-9.221 6.979,-15c0.034,-4.625 -1.603,-9.11 -4.608,-12.625c-6.116,-5.702 -13.152,-10.33 -20.809,-13.688c-9.107,-4.056 -17.189,-10.103 -23.65,-17.696c-4.166,-5.804 -6.358,-12.797 -6.25,-19.941c-0.246,-9.146 3.389,-17.981 10,-24.305c6.76,-6.49 15.863,-9.981 25.23,-9.675c11.786,0.017 23.666,5.806 35.641,17.367Z\" style=\"fill:#0085cb;fill-rule:nonzero;stroke:#0085cb;stroke-width:16.67px;\"><\/path><path id=\"prefix__Path_29\" d=\"M116.767,8.333l16.516,0l0,72.559c5.873,-8.083 13.402,-14.82 22.084,-19.763c7.995,-4.358 16.969,-6.611 26.075,-6.546c9.051,-0.156 17.946,2.392 25.541,7.317c7.329,4.752 13.064,11.598 16.459,19.646c3.541,8.219 5.311,21.1 5.308,38.642l0,66.062l-16.533,0l0,-61.25c0.348,-9.906 -0.245,-19.823 -1.771,-29.617c-1.44,-7.465 -5.372,-14.225 -11.15,-19.166c-6.108,-4.517 -13.592,-6.788 -21.179,-6.429c-9.849,-0.053 -19.39,3.469 -26.842,9.908c-7.706,6.292 -13.188,14.898 -15.633,24.542c-1.992,11.528 -2.784,23.233 -2.363,34.925l0,47.083l-16.512,0l0,-177.913Z\" style=\"fill:#0085cb;fill-rule:nonzero;stroke:#0085cb;stroke-width:16.67px;\"><\/path><path id=\"prefix__Path_30\" d=\"M465.054,57.883l16.517,0l0,23.6c5.846,-8.367 13.547,-15.272 22.5,-20.175c8.767,-4.551 18.527,-6.861 28.404,-6.725c17.653,-0.239 34.628,6.909 46.792,19.704c12.691,12.479 19.725,29.633 19.446,47.43c0.36,17.968 -6.6,35.334 -19.271,48.079c-19.368,20.009 -49.553,25.422 -74.667,13.391c-9.005,-4.602 -16.922,-11.08 -23.217,-18.995l0,69.021l-16.516,0l0.012,-175.33Zm66.071,12.629c-13.586,-0.285 -26.685,5.149 -36.079,14.967c-9.739,9.902 -15.034,23.358 -14.654,37.242c-0.141,9.179 2.11,18.238 6.533,26.283c4.378,7.799 10.864,14.211 18.713,18.5c7.831,4.48 16.698,6.838 25.72,6.838c8.805,0.015 17.449,-2.37 25,-6.896c7.839,-4.628 14.286,-11.287 18.659,-19.271c9.23,-16.024 9.252,-35.809 0.058,-51.854c-8.782,-16.009 -25.703,-25.943 -43.962,-25.809l0.012,0Z\" style=\"fill:#0085cb;fill-rule:nonzero;stroke:#0085cb;stroke-width:16.67px;\"><\/path><path id=\"prefix__Path_31\" d=\"M629.867,57.883l16.516,0l0,23.6c5.847,-8.367 13.548,-15.272 22.5,-20.175c8.768,-4.551 18.527,-6.861 28.404,-6.725c17.654,-0.239 34.628,6.909 46.792,19.704c12.692,12.479 19.725,29.633 19.446,47.43c0.362,17.969 -6.599,35.334 -19.271,48.079c-19.367,20.009 -49.553,25.422 -74.667,13.391c-9.004,-4.603 -16.921,-11.08 -23.216,-18.995l0,69.021l-16.504,0l0,-175.33Zm66.071,12.629c-13.584,-0.28 -26.68,5.157 -36.071,14.976c-9.74,9.902 -15.034,23.357 -14.654,37.241c-0.142,9.179 2.11,18.239 6.533,26.283c4.378,7.8 10.864,14.212 18.712,18.5c7.831,4.481 16.699,6.838 25.721,6.838c8.804,0.015 17.449,-2.369 25,-6.896c7.839,-4.628 14.286,-11.286 18.659,-19.271c9.23,-16.024 9.252,-35.809 0.058,-51.854c-8.782,-16.009 -25.703,-25.943 -43.963,-25.808l0.005,-0.009Z\" style=\"fill:#0085cb;fill-rule:nonzero;stroke:#0085cb;stroke-width:16.67px;\"><\/path><path id=\"prefix__Path_32\" d=\"M859,71.925l-10.617,10.975c-8.833,-8.572 -17.468,-12.86 -25.904,-12.862c-5.108,-0.097 -10.056,1.809 -13.779,5.308c-3.621,3.096 -5.718,7.623 -5.737,12.387c0.093,4.411 1.772,8.643 4.729,11.917c5.741,5.692 12.472,10.289 19.862,13.567c12.297,6.369 20.653,12.504 25.067,18.404c4.291,5.844 6.574,12.925 6.504,20.175c0.188,10.08 -3.841,19.795 -11.108,26.783c-7.363,7.297 -17.405,11.265 -27.767,10.971c-7.346,0.014 -14.599,-1.641 -21.212,-4.838c-6.543,-3.07 -12.271,-7.638 -16.721,-13.333l10.383,-11.8c8.436,9.517 17.385,14.275 26.846,14.275c6.246,0.143 12.309,-2.142 16.908,-6.371c4.414,-3.73 6.969,-9.221 6.979,-15c0.033,-4.625 -1.605,-9.11 -4.612,-12.625c-6.116,-5.701 -13.151,-10.329 -20.808,-13.687c-9.107,-4.057 -17.189,-10.104 -23.65,-17.696c-4.167,-5.804 -6.359,-12.798 -6.251,-19.942c-0.246,-9.145 3.389,-17.98 10,-24.304c6.76,-6.491 15.864,-9.982 25.23,-9.675c11.794,0.02 23.68,5.81 35.658,17.371Z\" style=\"fill:#0085cb;fill-rule:nonzero;stroke:#0085cb;stroke-width:16.67px;\"><\/path><path id=\"prefix__Path_33\" d=\"M902.654,10.221l16.517,0l0,47.683l26.191,0l0,14.275l-26.191,0l0,114.059l-16.517,0l0,-114.075l-22.533,0l0,-14.259l22.533,0l0,-47.683Z\" style=\"fill:#0085cb;fill-rule:nonzero;stroke:#0085cb;stroke-width:16.67px;\"><\/path><path id=\"prefix__Path_34\" d=\"M1078.22,143.663l13.921,7.312c-3.945,8.12 -9.307,15.471 -15.834,21.708c-5.87,5.436 -12.725,9.7 -20.196,12.563c-8.126,2.983 -16.732,4.442 -25.387,4.304c-20.942,0 -37.317,-6.863 -49.125,-20.587c-11.452,-12.789 -17.765,-29.38 -17.713,-46.546c-0.163,-15.804 5.138,-31.189 15,-43.538c12.002,-15.873 31.008,-24.948 50.896,-24.304c20.457,-0.668 40.018,8.62 52.429,24.896c9.578,12.588 14.577,28.076 14.167,43.887l-115.496,0c-0.194,13.614 4.938,26.778 14.296,36.667c8.84,9.377 21.254,14.579 34.137,14.304c6.511,0.006 12.97,-1.149 19.075,-3.408c5.766,-2.029 11.111,-5.096 15.771,-9.05c5.572,-5.331 10.311,-11.469 14.059,-18.208Zm0,-34.584c-1.664,-7.647 -4.948,-14.849 -9.63,-21.121c-4.502,-5.49 -10.225,-9.854 -16.712,-12.741c-6.839,-3.204 -14.302,-4.856 -21.854,-4.838c-11.982,-0.234 -23.612,4.116 -32.5,12.154c-7.405,7.255 -12.606,16.46 -15,26.546l95.696,0Z\" style=\"fill:#0085cb;fill-rule:nonzero;stroke:#0085cb;stroke-width:16.67px;\"><\/path><path id=\"prefix__Path_35\" d=\"M1120.92,57.883l16.883,0l0,18.75c4.174,-6.506 9.582,-12.133 15.917,-16.562c5.146,-3.522 11.227,-5.433 17.463,-5.488c5.171,0.175 10.211,1.679 14.633,4.367l-8.613,13.921c-2.74,-1.317 -5.714,-2.079 -8.75,-2.242c-5.968,0.191 -11.654,2.614 -15.925,6.788c-5.819,5.761 -9.868,13.069 -11.666,21.058c-2.045,7.314 -3.067,22.101 -3.067,44.363l0,43.416l-16.871,0l-0.004,-128.371Z\" style=\"fill:#0085cb;fill-rule:nonzero;stroke:#0085cb;stroke-width:16.67px;\"><\/path><\/g><circle id=\"prefix__Ellipse_3\" cx=\"346.2\" cy=\"119.821\" r=\"87.304\" style=\"fill:#0085cb;\"><\/circle><g id=\"prefix__Group_19\"><path id=\"prefix__Path_36\" d=\"M365.308,149.267c2.382,1.131 4.986,1.719 7.623,1.719c9.741,0 17.758,-8.017 17.758,-17.759c0,-9.742 -8.017,-17.758 -17.758,-17.758c-6.843,0 -13.102,3.955 -16.039,10.135c-4.17,8.8 -0.374,19.473 8.416,23.663Zm10.163,-21.384c2.057,0.98 3.374,3.064 3.374,5.343c0,3.245 -2.671,5.916 -5.917,5.916c-3.246,0 -5.917,-2.671 -5.917,-5.916c0,-0.878 0.196,-1.745 0.572,-2.538c1.397,-2.931 4.955,-4.196 7.888,-2.805Z\" style=\"fill:#fff;fill-rule:nonzero;\"><\/path><path id=\"prefix__Path_37\" d=\"M327.096,91.783c-2.383,-1.133 -4.989,-1.721 -7.627,-1.721c-9.742,0 -17.759,8.016 -17.759,17.758c0,9.742 8.017,17.759 17.759,17.759c6.843,0 13.102,-3.956 16.039,-10.137c4.171,-8.798 0.376,-19.469 -8.412,-23.659Zm-10.167,21.384c-2.057,-0.98 -3.374,-3.064 -3.374,-5.343c0,-3.245 2.671,-5.916 5.917,-5.916c3.246,0 5.917,2.671 5.917,5.916c0,0.878 -0.196,1.745 -0.572,2.539c-1.397,2.93 -4.955,4.195 -7.888,2.804Z\" style=\"fill:#fff;fill-rule:nonzero;\"><\/path><path id=\"prefix__Path_38\" d=\"M330.467,153.442l-9.713,-6.767l41.184,-59.071l9.712,6.771l-41.183,59.067Z\" style=\"fill:#fff;fill-rule:nonzero;\"><\/path><\/g><\/g><\/svg>\t\t\t<\/div>\n\t\t<\/div>\n\t\t\t\t\t\t<\/div>\n\t\t\t\t<\/div>\n\t\t\t\t<div class=\"elementor-element elementor-element-e6ce2b7 elementor-widget elementor-widget-image\" data-id=\"e6ce2b7\" data-element_type=\"widget\" data-e-type=\"widget\" data-widget_type=\"image.default\">\n\t\t\t\t<div class=\"elementor-widget-container\">\n\t\t\t\t\t\t\t\t\t\t\t\t\t\t\t<img fetchpriority=\"high\" decoding=\"async\" width=\"273\" height=\"500\" src=\"https:\/\/www.xhockware.com:443\/wp-content\/uploads\/2020\/05\/shoppster-2.png\" class=\"attachment-large size-large wp-image-6200\" alt=\"shoppster\" srcset=\"https:\/\/www.xhockware.com:443\/wp-content\/uploads\/2020\/05\/shoppster-2.png 273w, https:\/\/www.xhockware.com:443\/wp-content\/uploads\/2020\/05\/shoppster-2-164x300.png 164w\" sizes=\"(max-width: 273px) 100vw, 273px\" \/>\t\t\t\t\t\t\t\t\t\t\t\t\t\t\t<\/div>\n\t\t\t\t<\/div>\n\t\t\t\t\t<\/div>\n\t\t<\/div>\n\t\t\t\t\t<\/div>\n\t\t<\/section>\n\t\t\t\t<section class=\"elementor-section elementor-top-section elementor-element elementor-element-3018419 elementor-section-boxed elementor-section-height-default elementor-section-height-default\" data-id=\"3018419\" data-element_type=\"section\" data-e-type=\"section\" data-settings=\"{&quot;background_background&quot;:&quot;classic&quot;,&quot;_ha_eqh_enable&quot;:false}\">\n\t\t\t\t\t\t<div class=\"elementor-container elementor-column-gap-no\">\n\t\t\t\t\t<div class=\"elementor-column elementor-col-100 elementor-top-column elementor-element elementor-element-dd697ef\" data-id=\"dd697ef\" data-element_type=\"column\" data-e-type=\"column\">\n\t\t\t<div class=\"elementor-widget-wrap elementor-element-populated\">\n\t\t\t\t\t\t<div class=\"elementor-element elementor-element-ff70502 elementor-widget__width-auto elementor-view-default elementor-widget elementor-widget-icon\" data-id=\"ff70502\" data-element_type=\"widget\" data-e-type=\"widget\" data-widget_type=\"icon.default\">\n\t\t\t\t<div class=\"elementor-widget-container\">\n\t\t\t\t\t\t\t<div class=\"elementor-icon-wrapper\">\n\t\t\t<a class=\"elementor-icon\" href=\"https:\/\/www.xhockware.com:443\/product-youbeep\/\">\n\t\t\t<i aria-hidden=\"true\" class=\"fas fa-circle\"><\/i>\t\t\t<\/a>\n\t\t<\/div>\n\t\t\t\t\t\t<\/div>\n\t\t\t\t<\/div>\n\t\t\t\t<div class=\"elementor-element elementor-element-be60438 elementor-widget__width-auto elementor-view-default elementor-widget elementor-widget-icon\" data-id=\"be60438\" data-element_type=\"widget\" data-e-type=\"widget\" data-widget_type=\"icon.default\">\n\t\t\t\t<div class=\"elementor-widget-container\">\n\t\t\t\t\t\t\t<div class=\"elementor-icon-wrapper\">\n\t\t\t<a class=\"elementor-icon\" href=\"https:\/\/www.xhockware.com:443\/product-self-service-suite-2\/\">\n\t\t\t<i aria-hidden=\"true\" class=\"fas fa-circle\"><\/i>\t\t\t<\/a>\n\t\t<\/div>\n\t\t\t\t\t\t<\/div>\n\t\t\t\t<\/div>\n\t\t\t\t<div class=\"elementor-element elementor-element-63dda76 elementor-widget__width-auto elementor-view-default elementor-widget elementor-widget-icon\" data-id=\"63dda76\" data-element_type=\"widget\" data-e-type=\"widget\" data-widget_type=\"icon.default\">\n\t\t\t\t<div class=\"elementor-widget-container\">\n\t\t\t\t\t\t\t<div class=\"elementor-icon-wrapper\">\n\t\t\t<div class=\"elementor-icon\">\n\t\t\t<i aria-hidden=\"true\" class=\"fas fa-circle\"><\/i>\t\t\t<\/div>\n\t\t<\/div>\n\t\t\t\t\t\t<\/div>\n\t\t\t\t<\/div>\n\t\t\t\t<div class=\"elementor-element elementor-element-782c7d4 elementor-widget__width-auto elementor-view-default elementor-widget elementor-widget-icon\" data-id=\"782c7d4\" data-element_type=\"widget\" data-e-type=\"widget\" data-widget_type=\"icon.default\">\n\t\t\t\t<div class=\"elementor-widget-container\">\n\t\t\t\t\t\t\t<div class=\"elementor-icon-wrapper\">\n\t\t\t<a class=\"elementor-icon\" href=\"https:\/\/www.xhockware.com:443\/product-shelfn\/\">\n\t\t\t<i aria-hidden=\"true\" class=\"fas fa-circle\"><\/i>\t\t\t<\/a>\n\t\t<\/div>\n\t\t\t\t\t\t<\/div>\n\t\t\t\t<\/div>\n\t\t\t\t<div class=\"elementor-element elementor-element-8d958f2 elementor-widget__width-auto elementor-view-default elementor-widget elementor-widget-icon\" data-id=\"8d958f2\" data-element_type=\"widget\" data-e-type=\"widget\" data-widget_type=\"icon.default\">\n\t\t\t\t<div class=\"elementor-widget-container\">\n\t\t\t\t\t\t\t<div class=\"elementor-icon-wrapper\">\n\t\t\t<a class=\"elementor-icon\" href=\"https:\/\/www.xhockware.com:443\/product-smartcheckout\/\">\n\t\t\t<i aria-hidden=\"true\" class=\"fas fa-circle\"><\/i>\t\t\t<\/a>\n\t\t<\/div>\n\t\t\t\t\t\t<\/div>\n\t\t\t\t<\/div>\n\t\t\t\t\t<\/div>\n\t\t<\/div>\n\t\t\t\t\t<\/div>\n\t\t<\/section>\n\t\t\t\t<\/div>\n\t\t","protected":false},"excerpt":{"rendered":"<p>Perch\u00e9 ogni cliente \u00e8importante. Shoppster \u00e8 una soluzione di personalizzazione che offre promozioni, coupon e messaggi mirati per soddisfare le aspettative dei tuoi clienti. Scopri di pi\u00f9 su Shoppster<\/p>\n","protected":false},"author":1,"featured_media":0,"parent":0,"menu_order":0,"comment_status":"closed","ping_status":"closed","template":"elementor_header_footer","meta":{"footnotes":""},"class_list":["post-7106","page","type-page","status-publish","hentry"],"yoast_head":"<!-- This site is optimized with the Yoast SEO plugin v27.3 - https:\/\/yoast.com\/product\/yoast-seo-wordpress\/ -->\n<title>Shoppster - Xhockware<\/title>\n<meta name=\"robots\" content=\"index, follow, max-snippet:-1, max-image-preview:large, max-video-preview:-1\" \/>\n<link rel=\"canonical\" href=\"https:\/\/www.xhockware.com:443\/it\/shoppster\/\" \/>\n<meta property=\"og:locale\" content=\"it_IT\" \/>\n<meta property=\"og:type\" content=\"article\" \/>\n<meta property=\"og:title\" content=\"Shoppster - Xhockware\" \/>\n<meta property=\"og:description\" content=\"Perch\u00e9 ogni cliente \u00e8importante. Shoppster \u00e8 una soluzione di personalizzazione che offre promozioni, coupon e messaggi mirati per soddisfare le aspettative dei tuoi clienti. Scopri di pi\u00f9 su Shoppster\" \/>\n<meta property=\"og:url\" content=\"https:\/\/www.xhockware.com:443\/it\/shoppster\/\" \/>\n<meta property=\"og:site_name\" content=\"Xhockware\" \/>\n<meta property=\"article:publisher\" content=\"https:\/\/www.facebook.com\/xhockware\" \/>\n<meta property=\"article:modified_time\" content=\"2026-04-08T09:31:37+00:00\" \/>\n<meta property=\"og:image\" content=\"https:\/\/www.xhockware.com:443\/wp-content\/uploads\/2020\/05\/shoppster-2.png\" \/>\n\t<meta property=\"og:image:width\" content=\"273\" \/>\n\t<meta property=\"og:image:height\" content=\"500\" \/>\n\t<meta property=\"og:image:type\" content=\"image\/png\" \/>\n<meta name=\"twitter:card\" content=\"summary_large_image\" \/>\n<meta name=\"twitter:site\" content=\"@xhockware\" \/>\n<script type=\"application\/ld+json\" class=\"yoast-schema-graph\">{\"@context\":\"https:\\\/\\\/schema.org\",\"@graph\":[{\"@type\":\"WebPage\",\"@id\":\"https:\\\/\\\/www.xhockware.com:443\\\/it\\\/shoppster\\\/\",\"url\":\"https:\\\/\\\/www.xhockware.com:443\\\/it\\\/shoppster\\\/\",\"name\":\"Shoppster - Xhockware\",\"isPartOf\":{\"@id\":\"https:\\\/\\\/www.xhockware.com:443\\\/#website\"},\"primaryImageOfPage\":{\"@id\":\"https:\\\/\\\/www.xhockware.com:443\\\/it\\\/shoppster\\\/#primaryimage\"},\"image\":{\"@id\":\"https:\\\/\\\/www.xhockware.com:443\\\/it\\\/shoppster\\\/#primaryimage\"},\"thumbnailUrl\":\"https:\\\/\\\/www.xhockware.com:443\\\/wp-content\\\/uploads\\\/2020\\\/05\\\/shoppster-2.png\",\"datePublished\":\"2026-04-08T09:31:32+00:00\",\"dateModified\":\"2026-04-08T09:31:37+00:00\",\"breadcrumb\":{\"@id\":\"https:\\\/\\\/www.xhockware.com:443\\\/it\\\/shoppster\\\/#breadcrumb\"},\"inLanguage\":\"it-IT\",\"potentialAction\":[{\"@type\":\"ReadAction\",\"target\":[\"https:\\\/\\\/www.xhockware.com:443\\\/it\\\/shoppster\\\/\"]}]},{\"@type\":\"ImageObject\",\"inLanguage\":\"it-IT\",\"@id\":\"https:\\\/\\\/www.xhockware.com:443\\\/it\\\/shoppster\\\/#primaryimage\",\"url\":\"https:\\\/\\\/www.xhockware.com:443\\\/wp-content\\\/uploads\\\/2020\\\/05\\\/shoppster-2.png\",\"contentUrl\":\"https:\\\/\\\/www.xhockware.com:443\\\/wp-content\\\/uploads\\\/2020\\\/05\\\/shoppster-2.png\"},{\"@type\":\"BreadcrumbList\",\"@id\":\"https:\\\/\\\/www.xhockware.com:443\\\/it\\\/shoppster\\\/#breadcrumb\",\"itemListElement\":[{\"@type\":\"ListItem\",\"position\":1,\"name\":\"Home\",\"item\":\"https:\\\/\\\/www.xhockware.com:443\\\/it\\\/casa\\\/\"},{\"@type\":\"ListItem\",\"position\":2,\"name\":\"Shoppster\"}]},{\"@type\":\"WebSite\",\"@id\":\"https:\\\/\\\/www.xhockware.com:443\\\/#website\",\"url\":\"https:\\\/\\\/www.xhockware.com:443\\\/\",\"name\":\"Xhockware\",\"description\":\"Xhockware is a Retail tech company focused on creating innovative retail solutions\",\"publisher\":{\"@id\":\"https:\\\/\\\/www.xhockware.com:443\\\/#organization\"},\"potentialAction\":[{\"@type\":\"SearchAction\",\"target\":{\"@type\":\"EntryPoint\",\"urlTemplate\":\"https:\\\/\\\/www.xhockware.com:443\\\/?s={search_term_string}\"},\"query-input\":{\"@type\":\"PropertyValueSpecification\",\"valueRequired\":true,\"valueName\":\"search_term_string\"}}],\"inLanguage\":\"it-IT\"},{\"@type\":\"Organization\",\"@id\":\"https:\\\/\\\/www.xhockware.com:443\\\/#organization\",\"name\":\"Xhockware\",\"url\":\"https:\\\/\\\/www.xhockware.com:443\\\/\",\"logo\":{\"@type\":\"ImageObject\",\"inLanguage\":\"it-IT\",\"@id\":\"https:\\\/\\\/www.xhockware.com:443\\\/#\\\/schema\\\/logo\\\/image\\\/\",\"url\":\"https:\\\/\\\/www.xhockware.com:443\\\/wp-content\\\/uploads\\\/2024\\\/12\\\/xhockware_logo.png\",\"contentUrl\":\"https:\\\/\\\/www.xhockware.com:443\\\/wp-content\\\/uploads\\\/2024\\\/12\\\/xhockware_logo.png\",\"width\":1079,\"height\":205,\"caption\":\"Xhockware\"},\"image\":{\"@id\":\"https:\\\/\\\/www.xhockware.com:443\\\/#\\\/schema\\\/logo\\\/image\\\/\"},\"sameAs\":[\"https:\\\/\\\/www.facebook.com\\\/xhockware\",\"https:\\\/\\\/x.com\\\/xhockware\",\"https:\\\/\\\/www.linkedin.com\\\/company\\\/xhockw\",\"https:\\\/\\\/www.instagram.com\\\/xhockware\\\/\"]}]}<\/script>\n<!-- \/ Yoast SEO plugin. -->","yoast_head_json":{"title":"Shoppster - Xhockware","robots":{"index":"index","follow":"follow","max-snippet":"max-snippet:-1","max-image-preview":"max-image-preview:large","max-video-preview":"max-video-preview:-1"},"canonical":"https:\/\/www.xhockware.com:443\/it\/shoppster\/","og_locale":"it_IT","og_type":"article","og_title":"Shoppster - Xhockware","og_description":"Perch\u00e9 ogni cliente \u00e8importante. Shoppster \u00e8 una soluzione di personalizzazione che offre promozioni, coupon e messaggi mirati per soddisfare le aspettative dei tuoi clienti. Scopri di pi\u00f9 su Shoppster","og_url":"https:\/\/www.xhockware.com:443\/it\/shoppster\/","og_site_name":"Xhockware","article_publisher":"https:\/\/www.facebook.com\/xhockware","article_modified_time":"2026-04-08T09:31:37+00:00","og_image":[{"width":273,"height":500,"url":"https:\/\/www.xhockware.com:443\/wp-content\/uploads\/2020\/05\/shoppster-2.png","type":"image\/png"}],"twitter_card":"summary_large_image","twitter_site":"@xhockware","schema":{"@context":"https:\/\/schema.org","@graph":[{"@type":"WebPage","@id":"https:\/\/www.xhockware.com:443\/it\/shoppster\/","url":"https:\/\/www.xhockware.com:443\/it\/shoppster\/","name":"Shoppster - Xhockware","isPartOf":{"@id":"https:\/\/www.xhockware.com:443\/#website"},"primaryImageOfPage":{"@id":"https:\/\/www.xhockware.com:443\/it\/shoppster\/#primaryimage"},"image":{"@id":"https:\/\/www.xhockware.com:443\/it\/shoppster\/#primaryimage"},"thumbnailUrl":"https:\/\/www.xhockware.com:443\/wp-content\/uploads\/2020\/05\/shoppster-2.png","datePublished":"2026-04-08T09:31:32+00:00","dateModified":"2026-04-08T09:31:37+00:00","breadcrumb":{"@id":"https:\/\/www.xhockware.com:443\/it\/shoppster\/#breadcrumb"},"inLanguage":"it-IT","potentialAction":[{"@type":"ReadAction","target":["https:\/\/www.xhockware.com:443\/it\/shoppster\/"]}]},{"@type":"ImageObject","inLanguage":"it-IT","@id":"https:\/\/www.xhockware.com:443\/it\/shoppster\/#primaryimage","url":"https:\/\/www.xhockware.com:443\/wp-content\/uploads\/2020\/05\/shoppster-2.png","contentUrl":"https:\/\/www.xhockware.com:443\/wp-content\/uploads\/2020\/05\/shoppster-2.png"},{"@type":"BreadcrumbList","@id":"https:\/\/www.xhockware.com:443\/it\/shoppster\/#breadcrumb","itemListElement":[{"@type":"ListItem","position":1,"name":"Home","item":"https:\/\/www.xhockware.com:443\/it\/casa\/"},{"@type":"ListItem","position":2,"name":"Shoppster"}]},{"@type":"WebSite","@id":"https:\/\/www.xhockware.com:443\/#website","url":"https:\/\/www.xhockware.com:443\/","name":"Xhockware","description":"Xhockware is a Retail tech company focused on creating innovative retail solutions","publisher":{"@id":"https:\/\/www.xhockware.com:443\/#organization"},"potentialAction":[{"@type":"SearchAction","target":{"@type":"EntryPoint","urlTemplate":"https:\/\/www.xhockware.com:443\/?s={search_term_string}"},"query-input":{"@type":"PropertyValueSpecification","valueRequired":true,"valueName":"search_term_string"}}],"inLanguage":"it-IT"},{"@type":"Organization","@id":"https:\/\/www.xhockware.com:443\/#organization","name":"Xhockware","url":"https:\/\/www.xhockware.com:443\/","logo":{"@type":"ImageObject","inLanguage":"it-IT","@id":"https:\/\/www.xhockware.com:443\/#\/schema\/logo\/image\/","url":"https:\/\/www.xhockware.com:443\/wp-content\/uploads\/2024\/12\/xhockware_logo.png","contentUrl":"https:\/\/www.xhockware.com:443\/wp-content\/uploads\/2024\/12\/xhockware_logo.png","width":1079,"height":205,"caption":"Xhockware"},"image":{"@id":"https:\/\/www.xhockware.com:443\/#\/schema\/logo\/image\/"},"sameAs":["https:\/\/www.facebook.com\/xhockware","https:\/\/x.com\/xhockware","https:\/\/www.linkedin.com\/company\/xhockw","https:\/\/www.instagram.com\/xhockware\/"]}]}},"jetpack_sharing_enabled":true,"_links":{"self":[{"href":"https:\/\/www.xhockware.com:443\/it\/wp-json\/wp\/v2\/pages\/7106","targetHints":{"allow":["GET"]}}],"collection":[{"href":"https:\/\/www.xhockware.com:443\/it\/wp-json\/wp\/v2\/pages"}],"about":[{"href":"https:\/\/www.xhockware.com:443\/it\/wp-json\/wp\/v2\/types\/page"}],"author":[{"embeddable":true,"href":"https:\/\/www.xhockware.com:443\/it\/wp-json\/wp\/v2\/users\/1"}],"replies":[{"embeddable":true,"href":"https:\/\/www.xhockware.com:443\/it\/wp-json\/wp\/v2\/comments?post=7106"}],"version-history":[{"count":2,"href":"https:\/\/www.xhockware.com:443\/it\/wp-json\/wp\/v2\/pages\/7106\/revisions"}],"predecessor-version":[{"id":7108,"href":"https:\/\/www.xhockware.com:443\/it\/wp-json\/wp\/v2\/pages\/7106\/revisions\/7108"}],"wp:attachment":[{"href":"https:\/\/www.xhockware.com:443\/it\/wp-json\/wp\/v2\/media?parent=7106"}],"curies":[{"name":"wp","href":"https:\/\/api.w.org\/{rel}","templated":true}]}}